{"id":30428,"date":"2025-05-15T18:18:29","date_gmt":"2025-05-16T01:18:29","guid":{"rendered":"https:\/\/melavangoc.com\/?page_id=30428"},"modified":"2025-05-29T10:56:06","modified_gmt":"2025-05-29T17:56:06","slug":"theme-song","status":"publish","type":"page","link":"https:\/\/melavangoc.com\/en\/marian-days-2025\/theme-song\/","title":{"rendered":"Theme Song"},"content":{"rendered":"<h1 class=\"wp-block-heading has-text-align-center\">B\u01b0\u1edbc \u0110i B\u00ean M\u1eb9<\/h1>\n\n\n\n<p class=\"has-text-align-center\">Lm. Nguy\u1ec5n H\u00f9ng C\u01b0\u1eddng &amp; Vi\u1ec5n X\u1ee9<\/p>\n\n\n\n<div class=\"wp-block-buttons is-content-justification-center is-layout-flex wp-container-core-buttons-is-layout-a89b3969 wp-block-buttons-is-layout-flex\">\n<div class=\"wp-block-button\"><a class=\"wp-block-button__link wp-element-button\" href=\"https:\/\/melavangoc.com\/wp-content\/uploads\/2025\/05\/Buoc_Di_Ben_Me-DHTM25.pdf\" target=\"_blank\" rel=\"noreferrer noopener\">Download Sheet Music<\/a><\/div>\n<\/div>\n\n\n\n<figure class=\"wp-block-audio\"><audio controls src=\"https:\/\/melavangoc.com\/wp-content\/uploads\/2025\/05\/Buoc-Di-Ben-Me-Ly-Mai-Trang-Tran-Ngoc.mp3\"><\/audio><\/figure>\n\n\n\n<p class=\"has-text-align-center has-uvn-gia-dinh-hep-font-family has-large-font-size\">1. M\u1eb9 ch\u1ec9 \u0111\u01b0\u1eddng d\u1eabn l\u1ed1i gi\u00fap con an l\u00f2ng b\u01b0\u1edbc tr\u00ean \u0111\u01b0\u1eddng ngay.<\/p>\n\n\n\n<p class=\"has-text-align-center has-large-font-size\">Tr\u1eddi m\u1ecbt m\u00f9 t\u0103m t\u1ed1i v\u1ef1c s\u00e2u hun h\u00fat hi\u1ec3m nguy t\u1eebng gi\u00e2y.<\/p>\n\n\n\n<p class=\"has-text-align-center has-large-font-size\">Nay con van xin M\u1eb9 c\u1ea7u b\u1ea7u c\u00f9ng Ch\u00faa ch\u1edf che th\u00e1ng ng\u00e0y.<\/p>\n\n\n\n<p class=\"has-text-align-center has-large-font-size\">Cho con lu\u00f4n trung th\u00e0nh g\u00ecn gi\u1eef \u0110\u1ee9c Tin s\u00e1ng ng\u1eddi.<\/p>\n\n\n\n<div style=\"height:25px\" aria-hidden=\"true\" class=\"wp-block-spacer\"><\/div>\n\n\n\n<p class=\"has-text-align-center has-large-font-size\">\u0110\u01b0\u1eddng tr\u1ea7n \u0111\u1ea7y gian kh\u00f3 v\u1edbi bao nhi\u00eau l\u00e0 b\u1eaby gi\u0103ng m\u1ecdi n\u01a1i.<\/p>\n\n\n\n<p class=\"has-text-align-center has-large-font-size\">M\u00e0 l\u00f2ng ng\u01b0\u1eddi y\u00eau \u0111u\u1ed1i c\u00f9ng bao lo l\u1eafng xuy\u1ec5n xao ch\u1eb3ng ng\u01a1i.<\/p>\n\n\n\n<p class=\"has-text-align-center has-large-font-size\">Xin noi g\u01b0\u01a1ng M\u1eb9 hi\u1ec1n tr\u1ecdn \u0111\u1eddi theo Ch\u00faa t\u00edn trung kh\u00f4ng r\u1eddi. <\/p>\n\n\n\n<p class=\"has-text-align-center has-large-font-size\">M\u00f4i h\u00e2n hoan ca b\u00e0i ng\u1ee3i khen Ch\u00faa th\u01b0\u01a1ng su\u1ed1t \u0111\u1eddi.<\/p>\n\n\n\n<div style=\"height:25px\" aria-hidden=\"true\" class=\"wp-block-spacer\"><\/div>\n\n\n\n<p class=\"has-text-align-center has-large-font-size\">2. Ng\u00e0y t\u1eebng ng\u00e0y con ng\u01b0\u1edbc m\u1eaft tr\u00f4ng l\u00ean M\u1eb9 m\u1eabu g\u01b0\u01a1ng \u0111\u1eddi con.<\/p>\n\n\n\n<p class=\"has-text-align-center has-large-font-size\">Nguy\u1ec7n m\u1ed9t \u0111\u1eddi y\u00eau Ch\u00faa ni\u1ec1m tin y\u00eau m\u1ebfn th\u1eafm t\u01b0\u01a1i m\u00e0u son.<\/p>\n\n\n\n<p class=\"has-text-align-center has-large-font-size\">D\u1eabu s\u00f3ng gi\u00f3 b\u00e3o gi\u00f4ng mi\u1ec7t m\u00e0i \u0111i t\u1edbi quy\u1ebft kh\u00f4ng s\u1eddn l\u00f2ng.<\/p>\n\n\n\n<p class=\"has-text-align-center has-large-font-size\">Th\u00e1nh gi\u00e1 v\u00e1c tr\u00ean vai theo Ch\u00faa b\u01b0\u1edbc \u0111i \u0111\u1ebfn c\u00f9ng.<\/p>\n\n\n\n<div style=\"height:25px\" aria-hidden=\"true\" class=\"wp-block-spacer\"><\/div>\n\n\n\n<p class=\"has-text-align-center has-large-font-size\">X\u01b0a La &#8211; vang n\u01a1i \u1ea5y ch\u1ed1ng hoang vu M\u1eb9 xu\u1ea5t hi\u1ec7n \u1ee7i an.<\/p>\n\n\n\n<p class=\"has-text-align-center has-large-font-size\">Cho cha \u00f4ng v\u1eefng b\u01b0\u1edbc d\u00f9 bao th\u1eed th\u00e1ch quy\u1ebft kh\u00f4ng t\u1eeb nan.<\/p>\n\n\n\n<p class=\"has-text-align-center has-large-font-size\">H\u00f4m nay con xin M\u1eb9 c\u1ea7u b\u1ea7u c\u00f9ng Ch\u00faa \u0111o\u00e1i th\u01b0\u01a1ng con c\u00f9ng.<\/p>\n\n\n\n<p class=\"has-text-align-center has-large-font-size\">Cho mai sau con \u0111\u01b0\u1ee3c h\u01b0\u1edfng mu\u00f4n ph\u00fac vinh N\u01b0\u1edbc Tr\u1eddi.<\/p>\n\n\n\n<div style=\"height:25px\" aria-hidden=\"true\" class=\"wp-block-spacer\"><\/div>\n\n\n\n<p class=\"has-text-align-center has-large-font-size\" style=\"font-style:normal;font-weight:700\">\u0110K. B\u01b0\u1edbc \u0111i b\u00ean M\u1eb9 l\u00f2ng con h\u00e2n hoan th\u01a1 th\u1edbi.<\/p>\n\n\n\n<p class=\"has-text-align-center has-large-font-size\" style=\"font-style:normal;font-weight:700\">B\u01b0\u1edbc \u0111i b\u00ean M\u1eb9, ng\u1ee3i khen t\u00f4n vinh Ch\u00faa Tr\u1eddi.<\/p>\n\n\n\n<p class=\"has-text-align-center has-large-font-size\" style=\"font-style:normal;font-weight:700\">B\u01b0\u1edbc \u0111i b\u00ean M\u1eb9<\/p>\n\n\n\n<p class=\"has-text-align-center has-large-font-size\" style=\"font-style:normal;font-weight:700\">B\u01b0\u1edbc \u0111i b\u00ean M\u1eb9 <\/p>\n\n\n\n<p class=\"has-text-align-center has-large-font-size\" style=\"font-style:normal;font-weight:700\">B\u01b0\u1edbc \u0111i b\u00ean M\u1eb9 ti\u1ebfn v\u1ec1 nh\u00e0 Ch\u00faa.<\/p>\n\n\n\n<p><\/p>","protected":false},"excerpt":{"rendered":"<p>B\u01b0\u1edbc \u0110i B\u00ean M\u1eb9 Lm. Nguy\u1ec5n H\u00f9ng C\u01b0\u1eddng &amp; Vi\u1ec5n X\u1ee9 1. M\u1eb9 ch\u1ec9 \u0111\u01b0\u1eddng d\u1eabn l\u1ed1i gi\u00fap con an l\u00f2ng b\u01b0\u1edbc tr\u00ean \u0111\u01b0\u1eddng ngay. Tr\u1eddi m\u1ecbt m\u00f9 t\u0103m t\u1ed1i v\u1ef1c s\u00e2u hun h\u00fat hi\u1ec3m nguy t\u1eebng gi\u00e2y. Nay con van xin M\u1eb9 c\u1ea7u b\u1ea7u c\u00f9ng Ch\u00faa ch\u1edf che th\u00e1ng ng\u00e0y. Cho con lu\u00f4n trung [&hellip;]<\/p>\n","protected":false},"author":14,"featured_media":30175,"parent":30321,"menu_order":0,"comment_status":"closed","ping_status":"closed","template":"","meta":{"_acf_changed":false,"footnotes":""},"class_list":["post-30428","page","type-page","status-publish","has-post-thumbnail","hentry"],"acf":[],"yoast_head":"<!-- This site is optimized with the Yoast SEO plugin v27.0 - https:\/\/yoast.com\/product\/yoast-seo-wordpress\/ -->\n<title>Nh\u1ea1c Ch\u1ee7 \u0110\u1ec1 - Marian Days<\/title>\n<meta name=\"robots\" content=\"index, follow, max-snippet:-1, max-image-preview:large, max-video-preview:-1\" \/>\n<link rel=\"canonical\" href=\"https:\/\/melavangoc.com\/en\/marian-days-2025\/theme-song\/\" \/>\n<meta property=\"og:locale\" content=\"en_US\" \/>\n<meta property=\"og:type\" content=\"article\" \/>\n<meta property=\"og:title\" content=\"Nh\u1ea1c Ch\u1ee7 \u0110\u1ec1 - Marian Days\" \/>\n<meta property=\"og:description\" content=\"B\u01b0\u1edbc \u0110i B\u00ean M\u1eb9 Lm. Nguy\u1ec5n H\u00f9ng C\u01b0\u1eddng &amp; Vi\u1ec5n X\u1ee9 1. M\u1eb9 ch\u1ec9 \u0111\u01b0\u1eddng d\u1eabn l\u1ed1i gi\u00fap con an l\u00f2ng b\u01b0\u1edbc tr\u00ean \u0111\u01b0\u1eddng ngay. Tr\u1eddi m\u1ecbt m\u00f9 t\u0103m t\u1ed1i v\u1ef1c s\u00e2u hun h\u00fat hi\u1ec3m nguy t\u1eebng gi\u00e2y. Nay con van xin M\u1eb9 c\u1ea7u b\u1ea7u c\u00f9ng Ch\u00faa ch\u1edf che th\u00e1ng ng\u00e0y. Cho con lu\u00f4n trung [&hellip;]\" \/>\n<meta property=\"og:url\" content=\"https:\/\/melavangoc.com\/en\/marian-days-2025\/theme-song\/\" \/>\n<meta property=\"og:site_name\" content=\"Marian Days\" \/>\n<meta property=\"article:modified_time\" content=\"2025-05-29T17:56:06+00:00\" \/>\n<meta property=\"og:image\" content=\"https:\/\/melavangoc.com\/wp-content\/uploads\/2024\/10\/2024MarianDaysPreviews-80-scaled.jpg\" \/>\n\t<meta property=\"og:image:width\" content=\"2560\" \/>\n\t<meta property=\"og:image:height\" content=\"1707\" \/>\n\t<meta property=\"og:image:type\" content=\"image\/jpeg\" \/>\n<meta name=\"twitter:card\" content=\"summary_large_image\" \/>\n<meta name=\"twitter:label1\" content=\"Est. reading time\" \/>\n\t<meta name=\"twitter:data1\" content=\"2 minutes\" \/>\n<script type=\"application\/ld+json\" class=\"yoast-schema-graph\">{\"@context\":\"https:\/\/schema.org\",\"@graph\":[{\"@type\":\"WebPage\",\"@id\":\"https:\/\/melavangoc.com\/marian-days-2025\/theme-song\/\",\"url\":\"https:\/\/melavangoc.com\/marian-days-2025\/theme-song\/\",\"name\":\"Nh\u1ea1c Ch\u1ee7 \u0110\u1ec1 - Marian Days\",\"isPartOf\":{\"@id\":\"https:\/\/melavangoc.com\/#website\"},\"primaryImageOfPage\":{\"@id\":\"https:\/\/melavangoc.com\/marian-days-2025\/theme-song\/#primaryimage\"},\"image\":{\"@id\":\"https:\/\/melavangoc.com\/marian-days-2025\/theme-song\/#primaryimage\"},\"thumbnailUrl\":\"https:\/\/melavangoc.com\/wp-content\/uploads\/2024\/10\/2024MarianDaysPreviews-80-scaled.jpg\",\"datePublished\":\"2025-05-16T01:18:29+00:00\",\"dateModified\":\"2025-05-29T17:56:06+00:00\",\"breadcrumb\":{\"@id\":\"https:\/\/melavangoc.com\/marian-days-2025\/theme-song\/#breadcrumb\"},\"inLanguage\":\"en-US\",\"potentialAction\":[{\"@type\":\"ReadAction\",\"target\":[\"https:\/\/melavangoc.com\/marian-days-2025\/theme-song\/\"]}]},{\"@type\":\"ImageObject\",\"inLanguage\":\"en-US\",\"@id\":\"https:\/\/melavangoc.com\/marian-days-2025\/theme-song\/#primaryimage\",\"url\":\"https:\/\/melavangoc.com\/wp-content\/uploads\/2024\/10\/2024MarianDaysPreviews-80-scaled.jpg\",\"contentUrl\":\"https:\/\/melavangoc.com\/wp-content\/uploads\/2024\/10\/2024MarianDaysPreviews-80-scaled.jpg\",\"width\":2560,\"height\":1707},{\"@type\":\"BreadcrumbList\",\"@id\":\"https:\/\/melavangoc.com\/marian-days-2025\/theme-song\/#breadcrumb\",\"itemListElement\":[{\"@type\":\"ListItem\",\"position\":1,\"name\":\"Home\",\"item\":\"https:\/\/melavangoc.com\/\"},{\"@type\":\"ListItem\",\"position\":2,\"name\":\"\u0110\u1ea1i H\u1ed9i Th\u00e1nh M\u1eabu 2025\",\"item\":\"https:\/\/melavangoc.com\/marian-days-2025\/\"},{\"@type\":\"ListItem\",\"position\":3,\"name\":\"Nh\u1ea1c Ch\u1ee7 \u0110\u1ec1\"}]},{\"@type\":\"WebSite\",\"@id\":\"https:\/\/melavangoc.com\/#website\",\"url\":\"https:\/\/melavangoc.com\/\",\"name\":\"Marian Days\",\"description\":\"\",\"publisher\":{\"@id\":\"https:\/\/melavangoc.com\/#organization\"},\"potentialAction\":[{\"@type\":\"SearchAction\",\"target\":{\"@type\":\"EntryPoint\",\"urlTemplate\":\"https:\/\/melavangoc.com\/?s={search_term_string}\"},\"query-input\":{\"@type\":\"PropertyValueSpecification\",\"valueRequired\":true,\"valueName\":\"search_term_string\"}}],\"inLanguage\":\"en-US\"},{\"@type\":\"Organization\",\"@id\":\"https:\/\/melavangoc.com\/#organization\",\"name\":\"Roman Catholic Diocese of Orange\",\"url\":\"https:\/\/melavangoc.com\/\",\"logo\":{\"@type\":\"ImageObject\",\"inLanguage\":\"en-US\",\"@id\":\"https:\/\/melavangoc.com\/#\/schema\/logo\/image\/\",\"url\":\"https:\/\/melavangoc.com\/wp-content\/uploads\/2025\/07\/AVA-Marian-Days-2026.png\",\"contentUrl\":\"https:\/\/melavangoc.com\/wp-content\/uploads\/2025\/07\/AVA-Marian-Days-2026.png\",\"width\":598,\"height\":661,\"caption\":\"Roman Catholic Diocese of Orange\"},\"image\":{\"@id\":\"https:\/\/melavangoc.com\/#\/schema\/logo\/image\/\"}}]}<\/script>\n<!-- \/ Yoast SEO plugin. -->","yoast_head_json":{"title":"Nh\u1ea1c Ch\u1ee7 \u0110\u1ec1 - Marian Days","robots":{"index":"index","follow":"follow","max-snippet":"max-snippet:-1","max-image-preview":"max-image-preview:large","max-video-preview":"max-video-preview:-1"},"canonical":"https:\/\/melavangoc.com\/en\/marian-days-2025\/theme-song\/","og_locale":"en_US","og_type":"article","og_title":"Nh\u1ea1c Ch\u1ee7 \u0110\u1ec1 - Marian Days","og_description":"B\u01b0\u1edbc \u0110i B\u00ean M\u1eb9 Lm. Nguy\u1ec5n H\u00f9ng C\u01b0\u1eddng &amp; Vi\u1ec5n X\u1ee9 1. M\u1eb9 ch\u1ec9 \u0111\u01b0\u1eddng d\u1eabn l\u1ed1i gi\u00fap con an l\u00f2ng b\u01b0\u1edbc tr\u00ean \u0111\u01b0\u1eddng ngay. Tr\u1eddi m\u1ecbt m\u00f9 t\u0103m t\u1ed1i v\u1ef1c s\u00e2u hun h\u00fat hi\u1ec3m nguy t\u1eebng gi\u00e2y. Nay con van xin M\u1eb9 c\u1ea7u b\u1ea7u c\u00f9ng Ch\u00faa ch\u1edf che th\u00e1ng ng\u00e0y. Cho con lu\u00f4n trung [&hellip;]","og_url":"https:\/\/melavangoc.com\/en\/marian-days-2025\/theme-song\/","og_site_name":"Marian Days","article_modified_time":"2025-05-29T17:56:06+00:00","og_image":[{"width":2560,"height":1707,"url":"https:\/\/melavangoc.com\/wp-content\/uploads\/2024\/10\/2024MarianDaysPreviews-80-scaled.jpg","type":"image\/jpeg"}],"twitter_card":"summary_large_image","twitter_misc":{"Est. reading time":"2 minutes"},"schema":{"@context":"https:\/\/schema.org","@graph":[{"@type":"WebPage","@id":"https:\/\/melavangoc.com\/marian-days-2025\/theme-song\/","url":"https:\/\/melavangoc.com\/marian-days-2025\/theme-song\/","name":"Nh\u1ea1c Ch\u1ee7 \u0110\u1ec1 - Marian Days","isPartOf":{"@id":"https:\/\/melavangoc.com\/#website"},"primaryImageOfPage":{"@id":"https:\/\/melavangoc.com\/marian-days-2025\/theme-song\/#primaryimage"},"image":{"@id":"https:\/\/melavangoc.com\/marian-days-2025\/theme-song\/#primaryimage"},"thumbnailUrl":"https:\/\/melavangoc.com\/wp-content\/uploads\/2024\/10\/2024MarianDaysPreviews-80-scaled.jpg","datePublished":"2025-05-16T01:18:29+00:00","dateModified":"2025-05-29T17:56:06+00:00","breadcrumb":{"@id":"https:\/\/melavangoc.com\/marian-days-2025\/theme-song\/#breadcrumb"},"inLanguage":"en-US","potentialAction":[{"@type":"ReadAction","target":["https:\/\/melavangoc.com\/marian-days-2025\/theme-song\/"]}]},{"@type":"ImageObject","inLanguage":"en-US","@id":"https:\/\/melavangoc.com\/marian-days-2025\/theme-song\/#primaryimage","url":"https:\/\/melavangoc.com\/wp-content\/uploads\/2024\/10\/2024MarianDaysPreviews-80-scaled.jpg","contentUrl":"https:\/\/melavangoc.com\/wp-content\/uploads\/2024\/10\/2024MarianDaysPreviews-80-scaled.jpg","width":2560,"height":1707},{"@type":"BreadcrumbList","@id":"https:\/\/melavangoc.com\/marian-days-2025\/theme-song\/#breadcrumb","itemListElement":[{"@type":"ListItem","position":1,"name":"Home","item":"https:\/\/melavangoc.com\/"},{"@type":"ListItem","position":2,"name":"\u0110\u1ea1i H\u1ed9i Th\u00e1nh M\u1eabu 2025","item":"https:\/\/melavangoc.com\/marian-days-2025\/"},{"@type":"ListItem","position":3,"name":"Nh\u1ea1c Ch\u1ee7 \u0110\u1ec1"}]},{"@type":"WebSite","@id":"https:\/\/melavangoc.com\/#website","url":"https:\/\/melavangoc.com\/","name":"Marian Days","description":"","publisher":{"@id":"https:\/\/melavangoc.com\/#organization"},"potentialAction":[{"@type":"SearchAction","target":{"@type":"EntryPoint","urlTemplate":"https:\/\/melavangoc.com\/?s={search_term_string}"},"query-input":{"@type":"PropertyValueSpecification","valueRequired":true,"valueName":"search_term_string"}}],"inLanguage":"en-US"},{"@type":"Organization","@id":"https:\/\/melavangoc.com\/#organization","name":"Roman Catholic Diocese of Orange","url":"https:\/\/melavangoc.com\/","logo":{"@type":"ImageObject","inLanguage":"en-US","@id":"https:\/\/melavangoc.com\/#\/schema\/logo\/image\/","url":"https:\/\/melavangoc.com\/wp-content\/uploads\/2025\/07\/AVA-Marian-Days-2026.png","contentUrl":"https:\/\/melavangoc.com\/wp-content\/uploads\/2025\/07\/AVA-Marian-Days-2026.png","width":598,"height":661,"caption":"Roman Catholic Diocese of Orange"},"image":{"@id":"https:\/\/melavangoc.com\/#\/schema\/logo\/image\/"}}]}},"_links":{"self":[{"href":"https:\/\/melavangoc.com\/en\/wp-json\/wp\/v2\/pages\/30428","targetHints":{"allow":["GET"]}}],"collection":[{"href":"https:\/\/melavangoc.com\/en\/wp-json\/wp\/v2\/pages"}],"about":[{"href":"https:\/\/melavangoc.com\/en\/wp-json\/wp\/v2\/types\/page"}],"author":[{"embeddable":true,"href":"https:\/\/melavangoc.com\/en\/wp-json\/wp\/v2\/users\/14"}],"replies":[{"embeddable":true,"href":"https:\/\/melavangoc.com\/en\/wp-json\/wp\/v2\/comments?post=30428"}],"version-history":[{"count":0,"href":"https:\/\/melavangoc.com\/en\/wp-json\/wp\/v2\/pages\/30428\/revisions"}],"up":[{"embeddable":true,"href":"https:\/\/melavangoc.com\/en\/wp-json\/wp\/v2\/pages\/30321"}],"wp:featuredmedia":[{"embeddable":true,"href":"https:\/\/melavangoc.com\/en\/wp-json\/wp\/v2\/media\/30175"}],"wp:attachment":[{"href":"https:\/\/melavangoc.com\/en\/wp-json\/wp\/v2\/media?parent=30428"}],"curies":[{"name":"wp","href":"https:\/\/api.w.org\/{rel}","templated":true}]}}