{"id":30488,"date":"2025-06-21T18:08:45","date_gmt":"2025-06-22T01:08:45","guid":{"rendered":"https:\/\/melavangoc.com\/?page_id=30488"},"modified":"2025-06-27T15:55:19","modified_gmt":"2025-06-27T22:55:19","slug":"parking","status":"publish","type":"page","link":"https:\/\/melavangoc.com\/en\/marian-days-2025\/parking\/","title":{"rendered":"Parking"},"content":{"rendered":"<div class=\"wp-block-columns is-layout-flex wp-container-core-columns-is-layout-28f84493 wp-block-columns-is-layout-flex\">\n<div class=\"wp-block-column has-global-padding is-layout-constrained wp-container-core-column-is-layout-e099a0eb wp-block-column-is-layout-constrained\">\n<div class=\"wp-block-buttons is-content-justification-center is-layout-flex wp-container-core-buttons-is-layout-a89b3969 wp-block-buttons-is-layout-flex\">\n<div class=\"wp-block-button has-custom-width wp-block-button__width-100 has-custom-font-size has-large-font-size\" style=\"text-transform:uppercase\"><a class=\"wp-block-button__link wp-element-button\" href=\"https:\/\/melavangoc.com\/wp-content\/uploads\/2025\/06\/CHI-DAN-10-BAI-DAU-XE.pdf\" target=\"_blank\" rel=\"noreferrer noopener\">Parking Flyer<\/a><\/div>\n<\/div>\n<\/div>\n<\/div>\n\n\n\n<div style=\"height:50px\" aria-hidden=\"true\" class=\"wp-block-spacer\"><\/div>\n\n\n\n<hr class=\"wp-block-separator has-alpha-channel-opacity is-style-wide\"\/>\n\n\n\n<h2 class=\"wp-block-heading\"><strong>Marian Days 2025 on Friday, July 11 and Saturday, July 12:<\/strong>&nbsp;<\/h2>\n\n\n\n<div style=\"height:50px\" aria-hidden=\"true\" class=\"wp-block-spacer\"><\/div>\n\n\n\n<h3 class=\"wp-block-heading has-text-align-center\"><strong>10 Total Parking Lots Available<\/strong> <\/h3>\n\n\n\n<p class=\"has-large-font-size\">5 on-site parking lots available on Christ Cathedral Campus accessed through&nbsp;<strong>GATE #1 (next to the white Pastoral Center and Christ Cathedral Academy building along Chapman Ave)<\/strong>. Parking is first-come, first-served. 5 off-site parking lots available with shuttles transporting every 15 minutes.<\/p>\n\n\n\n<div style=\"height:50px\" aria-hidden=\"true\" class=\"wp-block-spacer\"><\/div>\n\n\n\n<h3 class=\"wp-block-heading has-text-align-center\"><strong>5 On-site Parking Lots Available on Christ Cathedral Campus<\/strong><\/h3>\n\n\n\n<p class=\"has-large-font-size\">5 on-site parking lots available on Christ Cathedral Campus accessed through&nbsp;<strong>GATE #1 (next to the white Pastoral Center and Christ Cathedral Academy building along Chapman Ave)<\/strong>. Parking is first-come, first-served. When on-site parking is full, please use our 5 off-site parking lots below. Shuttles available every 15 minutes.<\/p>\n\n\n\n<div id=\"bishops\" class=\"wp-block-group has-global-padding is-layout-constrained wp-block-group-is-layout-constrained\" style=\"padding-top:var(--wp--preset--spacing--40);padding-bottom:var(--wp--preset--spacing--40)\">\n<h3 class=\"wp-block-heading has-text-align-center\">5 Off-site Parking Lots with Shuttles<\/h3>\n<\/div>\n\n\n\n<div class=\"wp-block-group has-global-padding is-content-justification-center is-layout-constrained wp-container-core-group-is-layout-9ba44c2e wp-block-group-is-layout-constrained\">\n<div class=\"wp-block-group has-global-padding is-layout-constrained wp-container-core-group-is-layout-3da2123f wp-block-group-is-layout-constrained\" style=\"margin-top:0;margin-bottom:0;padding-right:0;padding-left:0\">\n<p class=\"has-large-font-size\" style=\"padding-right:0;padding-left:0\">Shuttle #1, parking lot: <a href=\"https:\/\/maps.app.goo.gl\/kH1N1hU81PNozCQW9\" target=\"_blank\" rel=\"noreferrer noopener\"><strong>MEGASYS<\/strong> <\/a><br><a href=\"https:\/\/maps.app.goo.gl\/kH1N1hU81PNozCQW9\" target=\"_blank\" rel=\"noreferrer noopener\">500 City Pkwy W, Orange, CA<\/a><\/p>\n\n\n\n<p class=\"has-large-font-size\" style=\"padding-right:0;padding-left:0\">Shuttle #2, parking lot: <a href=\"https:\/\/maps.app.goo.gl\/Qxu48rPcYqwLrEt28\" target=\"_blank\" rel=\"noreferrer noopener\"><strong>CALOPTIMA<\/strong> <\/a><br><a href=\"https:\/\/maps.app.goo.gl\/Qxu48rPcYqwLrEt28\" target=\"_blank\" rel=\"noreferrer noopener\">505 City Pkwy W, Orange, CA<\/a><\/p>\n\n\n\n<p class=\"has-large-font-size\" style=\"padding-right:0;padding-left:0\">Shuttle #3, parking lot: <a href=\"https:\/\/maps.app.goo.gl\/M8PuGAF5N715MWfu7\" target=\"_blank\" rel=\"noreferrer noopener\"><strong>PROSPECT <\/strong><\/a><br><a href=\"https:\/\/maps.app.goo.gl\/M8PuGAF5N715MWfu7\" target=\"_blank\" rel=\"noreferrer noopener\">600 City Pkwy W, Orange, CA<\/a><\/p>\n\n\n\n<p class=\"has-large-font-size\" style=\"padding-right:0;padding-left:0\">Shuttle #4, parking lot: <a href=\"https:\/\/maps.app.goo.gl\/8qXshpcJKykJFrBp6\" target=\"_blank\" rel=\"noreferrer noopener\"><strong>UCI HEALTH<\/strong><\/a><br><a href=\"https:\/\/maps.app.goo.gl\/8qXshpcJKykJFrBp6\" target=\"_blank\" rel=\"noreferrer noopener\">3800 W Chapman Ave, CA<\/a><\/p>\n\n\n\n<p class=\"has-large-font-size\" style=\"padding-right:0;padding-left:0\">No shuttle, parking lot: <a href=\"https:\/\/maps.app.goo.gl\/ke5aXaaMaqxsMxdg9\" target=\"_blank\" rel=\"noreferrer noopener\"><strong>KAISER<\/strong><\/a><br><a href=\"https:\/\/maps.app.goo.gl\/ke5aXaaMaqxsMxdg9\" target=\"_blank\" rel=\"noreferrer noopener\">200 N. Lewis St, Orange, CA<\/a><\/p>\n\n\n\n<div style=\"height:50px\" aria-hidden=\"true\" class=\"wp-block-spacer\"><\/div>\n\n\n\n<h3 class=\"wp-block-heading\"><strong>Shuttle Schedule (every 15 minutes):<\/strong><\/h3>\n\n\n\n<p class=\"has-large-font-size\"><strong><span style=\"text-decoration: underline;\">Friday 7\/11<\/span><\/strong><br>5:00 pm \u2013 11:30 pm (Final Shuttle Departure)<\/p>\n\n\n\n<p class=\"has-large-font-size\"><strong><span style=\"text-decoration: underline;\">Saturday 7\/12<\/span><\/strong><br> 7:00 am \u2013 11:30 pm (Final Shuttle Departure)<\/p>\n\n\n\n<p><strong>Shuttles enter through GATE #4. Stop in front of the <span style=\"color: #3a7c22;\">GREEN WELCOMING GATE<\/span>, and drop off passengers. Shuttles exit through GATE #5 to return to the off-site parking lots.<\/strong><\/p>\n\n\n\n<p class=\"has-large-font-size\"><\/p>\n<\/div>\n<\/div>\n\n\n\n<p><\/p>\n\n\n\n<div style=\"height:75px\" aria-hidden=\"true\" class=\"wp-block-spacer\"><\/div>\n\n\n\n<h3 class=\"wp-block-heading\"><strong>3 Gates on Lewis St.<\/strong><strong> (Upper, Middle, Lower)<\/strong><strong>:<\/strong><\/h3>\n\n\n\n<p class=\"has-large-font-size\"><strong>GATE #3 (Upper Gate),<\/strong> next to the Shrine of Our Lady of La Vang, and the intersection of Chapman Ave. and Lewis St. <strong>GATE #3<\/strong> (<strong>CLOSED)<\/strong>.<\/p>\n\n\n\n<p class=\"has-large-font-size\"><strong>GATE #4 (Middle Gate)<\/strong>, when entering this gate, you will see the Tower of Hope with the cross on its roof. <strong>GATE #4 is ENTER ONLY. VIP, registered clergy and religious order members, shuttles, ride-share (e.g. Uber, Lyft, taxi), handicap, and drop-off for Marian Days attendees are allowed to use this gate.<\/strong> No parking is allowed for those dropping-off Marian Days participants. Please exit through Gate #5 (Lower Gate).<\/p>\n\n\n\n<p class=\"has-large-font-size\"><strong>GATE #5 (Lower Gate)<\/strong> , closest to the intersection of Lampson Ave. and Lewis St.<strong> GATE #5 is EXIT ONLY.<\/strong><\/p>\n\n\n\n<div style=\"height:50px\" aria-hidden=\"true\" class=\"wp-block-spacer\"><\/div>\n\n\n\n<h3 class=\"wp-block-heading\"><strong>NOTE \u2013<\/strong>&nbsp;<strong>SATURDAY ONLY: <\/strong><\/h3>\n\n\n\n<p class=\"has-large-font-size\"><strong>CHRIST CATHEDRAL CAMPUS WILL CLOSE ALL GATES FROM 3:30 PM TO 5:30 PM (ENTERING AND EXITING IS NOT ALLOWED)<\/strong> due to the Marian Procession of Our Lady of La Vang across Christ Cathedral Campus.<\/p>\n\n\n\n<p class=\"has-large-font-size\">You can begin arriving <strong>after 5 PM to park at the 5 off-site parking lots to arrive early for the Opening Mass and Closing Mass.<\/strong> Opening Mass and Closing Mass starts at 7 PM on Friday and Saturday. The Saturday evening Mass fuliflls the Sunday obligation. Before and after the Opening and Closing Mass, there will be free food, prayer for the Vietnamese Martyrs, Vietnamese cultural and musical performances, and a raffle for a 2026 Toyota Camry.<\/p>\n\n\n\n<p class=\"has-large-font-size\">We ask all clergy, religious order members, ride-shares (e.g. Uber, Lyft, taxi), handicap, and those dropping off attendees to <strong>ARRIVE 30 MINUTES EARLY<\/strong> to prevent traffic on Lewis St in front of GATE #4.<\/p>\n\n\n\n<div style=\"height:50px\" aria-hidden=\"true\" class=\"wp-block-spacer\"><\/div>\n\n\n\n<h3 class=\"wp-block-heading\"><strong>SUMMARY:<\/strong><strong><\/strong><\/h3>\n\n\n\n<p class=\"has-large-font-size\"><strong>Enter GATE #1<\/strong> on Chapman Ave., next to the white Pastoral Center and Christ Cathedral Academy building. Reserved for Marian Days attendees, and whoever arrives first-come, first-served to the 5 on-site parking lots. To enter this gate easily, please drive on Chapman Ave. coming from Haster St., and GATE #1 will be on the right.<\/p>\n\n\n\n<p class=\"has-large-font-size\"><strong>Enter GATE #4<\/strong> on Lewis St. Reserved for registered clergy, religious order members, ride-share (e.g. Uber, Lyft, taxi), handicapped, and drop-offs. To enter this gate, please drive on Lewis St. coming from Chapman Ave, and GATE #4 will be on the right.<\/p>\n\n\n\n<p class=\"has-large-font-size\"><strong>Exit GATE #5<\/strong> on Lewis St. This is the only exit on both days of Marian Days.<\/p>\n\n\n\n<p class=\"has-large-font-size\"><strong>HOWEVER, after the Opening Mass and Closing Mass (around 9:00 PM), reenactment, cultural performances, and raffle drawing (around 10:30 PM) then all gates: GATE #1, GATE #4, and GATE #5 are right turn only. Left turns are not allowed in order to  allow the flow of traffic. <\/strong><\/p>\n\n\n\n<p class=\"has-large-font-size\"><strong>IN CONCLUSION, please come to Marian Days to attend 13 spiritual workshops, venerate relics, Confession, healing, Adoration, and community.<\/strong><\/p>","protected":false},"excerpt":{"rendered":"<p>\u0110\u1ea0I H\u1ed8I TH\u00c1NH M\u1eaaU, TH\u1ee8 S\u00c1U &amp; TH\u1ee8 B\u1ea2Y, NG\u00c0Y 11 &amp; 12 TH\u00c1NG 7:&nbsp; C\u00f3 t\u1ed5ng c\u1ed9ng 10 B\u00e3i \u0110\u1eadu Xe b\u00ean trong v\u00e0 b\u00ean ngo\u00e0i nh\u00e0 th\u1edd Ki\u1ebfng. 5 b\u00e3i b\u00ean trong khu\u00f4n vi\u00ean v\u00e0o&nbsp;C\u1ed4NG #1 (c\u1ea1nh t\u00f2a nh\u00e0 tr\u1eafng tr\u01b0\u1eddng h\u1ecdc tr\u00ean \u0111\u01b0\u1eddng Chapman), qu\u00fd v\u1ecb \u0111\u1ebfn tr\u01b0\u1edbc \u0111\u1eadu tr\u01b0\u1edbc, v\u00e0 5 [&hellip;]<\/p>\n","protected":false},"author":14,"featured_media":30156,"parent":30321,"menu_order":0,"comment_status":"closed","ping_status":"closed","template":"","meta":{"_acf_changed":false,"footnotes":""},"class_list":["post-30488","page","type-page","status-publish","has-post-thumbnail","hentry"],"acf":[],"yoast_head":"<!-- This site is optimized with the Yoast SEO plugin v27.0 - https:\/\/yoast.com\/product\/yoast-seo-wordpress\/ -->\n<title>CH\u1ec8 D\u1eaaN 10 B\u00c3I \u0110\u1eacU XE - Marian Days<\/title>\n<meta name=\"description\" content=\"Marian Days 2025 Parking\" \/>\n<meta name=\"robots\" content=\"index, follow, max-snippet:-1, max-image-preview:large, max-video-preview:-1\" \/>\n<link rel=\"canonical\" href=\"https:\/\/melavangoc.com\/en\/marian-days-2025\/parking\/\" \/>\n<meta property=\"og:locale\" content=\"en_US\" \/>\n<meta property=\"og:type\" content=\"article\" \/>\n<meta property=\"og:title\" content=\"CH\u1ec8 D\u1eaaN 10 B\u00c3I \u0110\u1eacU XE - Marian Days\" \/>\n<meta property=\"og:description\" content=\"Marian Days 2025 Parking\" \/>\n<meta property=\"og:url\" content=\"https:\/\/melavangoc.com\/en\/marian-days-2025\/parking\/\" \/>\n<meta property=\"og:site_name\" content=\"Marian Days\" \/>\n<meta property=\"article:modified_time\" content=\"2025-06-27T22:55:19+00:00\" \/>\n<meta property=\"og:image\" content=\"https:\/\/melavangoc.com\/wp-content\/uploads\/2024\/09\/92SA109154.jpg\" \/>\n\t<meta property=\"og:image:width\" content=\"2130\" \/>\n\t<meta property=\"og:image:height\" content=\"1420\" \/>\n\t<meta property=\"og:image:type\" content=\"image\/jpeg\" \/>\n<meta name=\"twitter:card\" content=\"summary_large_image\" \/>\n<meta name=\"twitter:label1\" content=\"Est. reading time\" \/>\n\t<meta name=\"twitter:data1\" content=\"4 minutes\" \/>\n<script type=\"application\/ld+json\" class=\"yoast-schema-graph\">{\"@context\":\"https:\/\/schema.org\",\"@graph\":[{\"@type\":\"WebPage\",\"@id\":\"https:\/\/melavangoc.com\/marian-days-2025\/parking\/\",\"url\":\"https:\/\/melavangoc.com\/marian-days-2025\/parking\/\",\"name\":\"CH\u1ec8 D\u1eaaN 10 B\u00c3I \u0110\u1eacU XE - Marian Days\",\"isPartOf\":{\"@id\":\"https:\/\/melavangoc.com\/#website\"},\"primaryImageOfPage\":{\"@id\":\"https:\/\/melavangoc.com\/marian-days-2025\/parking\/#primaryimage\"},\"image\":{\"@id\":\"https:\/\/melavangoc.com\/marian-days-2025\/parking\/#primaryimage\"},\"thumbnailUrl\":\"https:\/\/melavangoc.com\/wp-content\/uploads\/2024\/09\/92SA109154.jpg\",\"datePublished\":\"2025-06-22T01:08:45+00:00\",\"dateModified\":\"2025-06-27T22:55:19+00:00\",\"description\":\"Marian Days 2025 Parking\",\"breadcrumb\":{\"@id\":\"https:\/\/melavangoc.com\/marian-days-2025\/parking\/#breadcrumb\"},\"inLanguage\":\"en-US\",\"potentialAction\":[{\"@type\":\"ReadAction\",\"target\":[\"https:\/\/melavangoc.com\/marian-days-2025\/parking\/\"]}]},{\"@type\":\"ImageObject\",\"inLanguage\":\"en-US\",\"@id\":\"https:\/\/melavangoc.com\/marian-days-2025\/parking\/#primaryimage\",\"url\":\"https:\/\/melavangoc.com\/wp-content\/uploads\/2024\/09\/92SA109154.jpg\",\"contentUrl\":\"https:\/\/melavangoc.com\/wp-content\/uploads\/2024\/09\/92SA109154.jpg\",\"width\":2130,\"height\":1420},{\"@type\":\"BreadcrumbList\",\"@id\":\"https:\/\/melavangoc.com\/marian-days-2025\/parking\/#breadcrumb\",\"itemListElement\":[{\"@type\":\"ListItem\",\"position\":1,\"name\":\"Home\",\"item\":\"https:\/\/melavangoc.com\/\"},{\"@type\":\"ListItem\",\"position\":2,\"name\":\"\u0110\u1ea1i H\u1ed9i Th\u00e1nh M\u1eabu 2025\",\"item\":\"https:\/\/melavangoc.com\/marian-days-2025\/\"},{\"@type\":\"ListItem\",\"position\":3,\"name\":\"CH\u1ec8 D\u1eaaN 10 B\u00c3I \u0110\u1eacU XE\"}]},{\"@type\":\"WebSite\",\"@id\":\"https:\/\/melavangoc.com\/#website\",\"url\":\"https:\/\/melavangoc.com\/\",\"name\":\"Marian Days\",\"description\":\"\",\"publisher\":{\"@id\":\"https:\/\/melavangoc.com\/#organization\"},\"potentialAction\":[{\"@type\":\"SearchAction\",\"target\":{\"@type\":\"EntryPoint\",\"urlTemplate\":\"https:\/\/melavangoc.com\/?s={search_term_string}\"},\"query-input\":{\"@type\":\"PropertyValueSpecification\",\"valueRequired\":true,\"valueName\":\"search_term_string\"}}],\"inLanguage\":\"en-US\"},{\"@type\":\"Organization\",\"@id\":\"https:\/\/melavangoc.com\/#organization\",\"name\":\"Roman Catholic Diocese of Orange\",\"url\":\"https:\/\/melavangoc.com\/\",\"logo\":{\"@type\":\"ImageObject\",\"inLanguage\":\"en-US\",\"@id\":\"https:\/\/melavangoc.com\/#\/schema\/logo\/image\/\",\"url\":\"https:\/\/melavangoc.com\/wp-content\/uploads\/2025\/07\/AVA-Marian-Days-2026.png\",\"contentUrl\":\"https:\/\/melavangoc.com\/wp-content\/uploads\/2025\/07\/AVA-Marian-Days-2026.png\",\"width\":598,\"height\":661,\"caption\":\"Roman Catholic Diocese of Orange\"},\"image\":{\"@id\":\"https:\/\/melavangoc.com\/#\/schema\/logo\/image\/\"}}]}<\/script>\n<!-- \/ Yoast SEO plugin. -->","yoast_head_json":{"title":"CH\u1ec8 D\u1eaaN 10 B\u00c3I \u0110\u1eacU XE - Marian Days","description":"Marian Days 2025 Parking","robots":{"index":"index","follow":"follow","max-snippet":"max-snippet:-1","max-image-preview":"max-image-preview:large","max-video-preview":"max-video-preview:-1"},"canonical":"https:\/\/melavangoc.com\/en\/marian-days-2025\/parking\/","og_locale":"en_US","og_type":"article","og_title":"CH\u1ec8 D\u1eaaN 10 B\u00c3I \u0110\u1eacU XE - Marian Days","og_description":"Marian Days 2025 Parking","og_url":"https:\/\/melavangoc.com\/en\/marian-days-2025\/parking\/","og_site_name":"Marian Days","article_modified_time":"2025-06-27T22:55:19+00:00","og_image":[{"width":2130,"height":1420,"url":"https:\/\/melavangoc.com\/wp-content\/uploads\/2024\/09\/92SA109154.jpg","type":"image\/jpeg"}],"twitter_card":"summary_large_image","twitter_misc":{"Est. reading time":"4 minutes"},"schema":{"@context":"https:\/\/schema.org","@graph":[{"@type":"WebPage","@id":"https:\/\/melavangoc.com\/marian-days-2025\/parking\/","url":"https:\/\/melavangoc.com\/marian-days-2025\/parking\/","name":"CH\u1ec8 D\u1eaaN 10 B\u00c3I \u0110\u1eacU XE - Marian Days","isPartOf":{"@id":"https:\/\/melavangoc.com\/#website"},"primaryImageOfPage":{"@id":"https:\/\/melavangoc.com\/marian-days-2025\/parking\/#primaryimage"},"image":{"@id":"https:\/\/melavangoc.com\/marian-days-2025\/parking\/#primaryimage"},"thumbnailUrl":"https:\/\/melavangoc.com\/wp-content\/uploads\/2024\/09\/92SA109154.jpg","datePublished":"2025-06-22T01:08:45+00:00","dateModified":"2025-06-27T22:55:19+00:00","description":"Marian Days 2025 Parking","breadcrumb":{"@id":"https:\/\/melavangoc.com\/marian-days-2025\/parking\/#breadcrumb"},"inLanguage":"en-US","potentialAction":[{"@type":"ReadAction","target":["https:\/\/melavangoc.com\/marian-days-2025\/parking\/"]}]},{"@type":"ImageObject","inLanguage":"en-US","@id":"https:\/\/melavangoc.com\/marian-days-2025\/parking\/#primaryimage","url":"https:\/\/melavangoc.com\/wp-content\/uploads\/2024\/09\/92SA109154.jpg","contentUrl":"https:\/\/melavangoc.com\/wp-content\/uploads\/2024\/09\/92SA109154.jpg","width":2130,"height":1420},{"@type":"BreadcrumbList","@id":"https:\/\/melavangoc.com\/marian-days-2025\/parking\/#breadcrumb","itemListElement":[{"@type":"ListItem","position":1,"name":"Home","item":"https:\/\/melavangoc.com\/"},{"@type":"ListItem","position":2,"name":"\u0110\u1ea1i H\u1ed9i Th\u00e1nh M\u1eabu 2025","item":"https:\/\/melavangoc.com\/marian-days-2025\/"},{"@type":"ListItem","position":3,"name":"CH\u1ec8 D\u1eaaN 10 B\u00c3I \u0110\u1eacU XE"}]},{"@type":"WebSite","@id":"https:\/\/melavangoc.com\/#website","url":"https:\/\/melavangoc.com\/","name":"Marian Days","description":"","publisher":{"@id":"https:\/\/melavangoc.com\/#organization"},"potentialAction":[{"@type":"SearchAction","target":{"@type":"EntryPoint","urlTemplate":"https:\/\/melavangoc.com\/?s={search_term_string}"},"query-input":{"@type":"PropertyValueSpecification","valueRequired":true,"valueName":"search_term_string"}}],"inLanguage":"en-US"},{"@type":"Organization","@id":"https:\/\/melavangoc.com\/#organization","name":"Roman Catholic Diocese of Orange","url":"https:\/\/melavangoc.com\/","logo":{"@type":"ImageObject","inLanguage":"en-US","@id":"https:\/\/melavangoc.com\/#\/schema\/logo\/image\/","url":"https:\/\/melavangoc.com\/wp-content\/uploads\/2025\/07\/AVA-Marian-Days-2026.png","contentUrl":"https:\/\/melavangoc.com\/wp-content\/uploads\/2025\/07\/AVA-Marian-Days-2026.png","width":598,"height":661,"caption":"Roman Catholic Diocese of Orange"},"image":{"@id":"https:\/\/melavangoc.com\/#\/schema\/logo\/image\/"}}]}},"_links":{"self":[{"href":"https:\/\/melavangoc.com\/en\/wp-json\/wp\/v2\/pages\/30488","targetHints":{"allow":["GET"]}}],"collection":[{"href":"https:\/\/melavangoc.com\/en\/wp-json\/wp\/v2\/pages"}],"about":[{"href":"https:\/\/melavangoc.com\/en\/wp-json\/wp\/v2\/types\/page"}],"author":[{"embeddable":true,"href":"https:\/\/melavangoc.com\/en\/wp-json\/wp\/v2\/users\/14"}],"replies":[{"embeddable":true,"href":"https:\/\/melavangoc.com\/en\/wp-json\/wp\/v2\/comments?post=30488"}],"version-history":[{"count":0,"href":"https:\/\/melavangoc.com\/en\/wp-json\/wp\/v2\/pages\/30488\/revisions"}],"up":[{"embeddable":true,"href":"https:\/\/melavangoc.com\/en\/wp-json\/wp\/v2\/pages\/30321"}],"wp:featuredmedia":[{"embeddable":true,"href":"https:\/\/melavangoc.com\/en\/wp-json\/wp\/v2\/media\/30156"}],"wp:attachment":[{"href":"https:\/\/melavangoc.com\/en\/wp-json\/wp\/v2\/media?parent=30488"}],"curies":[{"name":"wp","href":"https:\/\/api.w.org\/{rel}","templated":true}]}}