{"id":30569,"date":"2025-07-15T10:58:34","date_gmt":"2025-07-15T17:58:34","guid":{"rendered":"https:\/\/melavangoc.com\/?page_id=30569"},"modified":"2026-01-28T10:12:08","modified_gmt":"2026-01-28T18:12:08","slug":"letter-of-gratitude","status":"publish","type":"page","link":"https:\/\/melavangoc.com\/en\/marian-days-2025\/letter-of-gratitude\/","title":{"rendered":"L\u1eddi Tri \u00c2n"},"content":{"rendered":"<p class=\"has-body-font-family has-large-font-size\"><strong>\u0110\u1ea1i H\u1ed9i Th\u00e1nh M\u1eabu Orange 2025 \u2013 L\u1eddi Tri \u00c2n<\/strong><\/p>\n\n\n\n<p class=\"has-body-font-family has-large-font-size\">L\u1eddi \u0111\u1ea7u ti\u00ean, ch\u00fang con xin c\u1ea3m t\u1ea1 Thi\u00ean Ch\u00faa nh\u1edd l\u1eddi chuy\u1ec3n c\u1ea7u c\u1ee7a \u0110\u1ee9c M\u1eb9 La Vang \u0111\u00e3 ban cho t\u1ea5t c\u1ea3 ch\u00fang ta m\u1ed9t tinh th\u1ea7n nhi\u1ec7t huy\u1ebft v\u00e0 h\u0103ng say, y\u00eau th\u01b0\u01a1ng v\u00e0 hi\u1ec7p nh\u1ea5t \u0111\u1ec3 t\u1ed5 ch\u1ee9c \u0110HTM Orange k\u1ef3 4 n\u0103m nay v\u1edbi ch\u1ee7 \u0111\u1ec1 \u201cB\u01b0\u1edbc \u0110i B\u00ean M\u1eb9\u201d trong th\u00e1nh \u00fd Ng\u00e0i, an l\u00e0nh, th\u00e1nh thi\u00ean v\u00e0 t\u1ed1t \u0111\u1eb9p.<\/p>\n\n\n\n<p class=\"has-body-font-family has-large-font-size\">K\u1ebf \u0111\u1ebfn, ch\u00fang con xin c\u00e1m \u01a1n \u0110\u1ee9c Cha Kevin Vann, Gi\u00e1m M\u1ee5c Gi\u00e1o ph\u1eadn Orange, \u0110\u1ee9c Cha Timothy Freyer, \u0110\u1ee9c Cha T\u00f4ma Nguy\u1ec5n Th\u00e1i Th\u00e0nh, \u0110\u1ee9c T\u1ed5ng Gi\u00e1m M\u1ee5c Giuse \u0110\u1eb7ng \u0110\u1ee9c Ng\u00e2n, T\u1ed5ng gi\u00e1o ph\u1eadn Hu\u1ebf, qu\u00fd Cha gi\u1ea3ng thuy\u1ebft, \u0111\u1ed3ng t\u1ebf, gi\u1ea3i t\u1ed9i, Ph\u00f3 T\u1ebf, Tu S\u0129, Ch\u1ee7ng Sinh, qu\u00fd M\u1ea1nh Th\u01b0\u1eddng Qu\u00e2n, C\u01a1 S\u1edf Th\u01b0\u01a1ng M\u1ea1i, Truy\u1ec1n Th\u00f4ng, K\u1ef9 Thu\u1eadt, \u00c2m Thanh, \u00c1nh S\u00e1ng, C\u01a1 Quan Giao Th\u00f4ng, C\u1ea3nh S\u00e1t, An Ninh, T\u00f2a Gi\u00e1m M\u1ee5c, Gi\u00e1o X\u1ee9 Ch\u00ednh T\u00f2a, Ban T\u1ed5 Ch\u1ee9c, qu\u00fd Ch\u1ee7 T\u1ecbch, Ca \u0110o\u00e0n, Ban Ng\u00e0nh, H\u1ed9i \u0110o\u00e0n, Phong Tr\u00e0o, v\u00e0 h\u01a1n 1,500 Thi\u1ec7n Nguy\u1ec7n Vi\u00ean \u0111\u1ebfn t\u1eeb c\u00e1c c\u1ed9ng \u0111o\u00e0n, gi\u00e1o x\u1ee9, v\u00e0 c\u1ed9ng \u0111\u1ed3ng trong v\u00e0 ngo\u00e0i gi\u00e1o ph\u1eadn.<\/p>\n\n\n\n<p class=\"has-body-font-family has-large-font-size\">T\u1ea5t c\u1ea3 nh\u1edd \u01a1n Ch\u00faa qua M\u1eb9 c\u00f9ng \u0111\u1ed3ng h\u00e0nh mi\u1ec7t m\u00e0i c\u00f4ng s\u1ee9c su\u1ed1t 1 n\u0103m qua v\u1edbi h\u00e0ng ng\u00e0n ti\u1ebfng \u0111\u1ed3ng h\u1ed3 th\u1ef1c hi\u1ec7n \u0110HTM Orange. Sau c\u00f9ng, ch\u00fang con xin c\u00e1m \u01a1n h\u00e0ng ch\u1ee5c ng\u00e0n qu\u00fd Tham D\u1ef1 Vi\u00ean kh\u1eafp n\u01a1i g\u1ea7n xa h\u1ed9i t\u1ee5 v\u1ec1 \u0111\u1ec3 ch\u00fang ta c\u00f3 m\u1ed9t \u0111\u1ea1i h\u1ed9i \u0111\u1ea7y tr\u00e0n \u00e2n s\u1ee7ng. Nguy\u1ec7n xin Thi\u00ean Ch\u00faa qua l\u1eddi chuy\u1ec3n c\u1ea7u c\u1ee7a \u0110\u1ee9c M\u1eb9 La Vang ban mu\u00f4n \u01a1n l\u00e0nh xu\u1ed1ng tr\u00ean to\u00e0n th\u1ec3 qu\u00fd v\u1ecb v\u00e0 c\u1ea7u ch\u00fac t\u1ea5t c\u1ea3 ra v\u1ec1 mang trong l\u00f2ng m\u00ecnh m\u1ed9t t\u00e2m h\u1ed3n m\u1ebfn Ch\u00faa y\u00eau ng\u01b0\u1eddi n\u1ed3ng \u1ea5m h\u01a1n v\u00e0 m\u1ed9t tinh th\u1ea7n h\u0103ng say ph\u1ee5c v\u1ee5 nhi\u1ec7t huy\u1ebft h\u01a1n ng\u00f5 h\u1ea7u m\u1ed7i ng\u01b0\u1eddi ch\u00fang ta c\u00f9ng l\u00ean \u0111\u01b0\u1eddng \u201cB\u01b0\u1edbc \u0110i B\u00ean M\u1eb9\u201d l\u00e0m ch\u1ee9ng cho Ch\u00faa Kit\u00f4 v\u00e0 H\u1ed9i Th\u00e1nh Ng\u01b0\u1eddi m\u1ed9t c\u00e1ch ki\u00ean c\u01b0\u1eddng gi\u1eefa d\u00f2ng \u0111\u1eddi b\u00f4n ba ng\u00e0y nay.<\/p>\n\n\n\n<p class=\"has-body-font-family has-large-font-size\">Xin h\u1eb9n g\u1eb7p l\u1ea1i v\u00e0o \u0110HTM Orange k\u1ef3 5 v\u1edbi ch\u1ee7 \u0111\u1ec1 \u201cC\u00f9ng M\u1eb9 Ti\u1ebfn B\u01b0\u1edbc\u201d v\u00e0o th\u1ee9 S\u00e1u &amp; th\u1ee9 B\u1ea3y, ng\u00e0y 10 &amp; 11 th\u00e1ng 7 n\u0103m 2026, nh\u00e2n d\u1ecbp k\u1ef7 ni\u1ec7m 50 n\u0103m th\u00e0nh l\u1eadp gi\u00e1o ph\u1eadn Orange v\u00e0 250 n\u0103m l\u1eadp qu\u1ed1c Hoa K\u1ef3.<\/p>\n\n\n\n<p class=\"has-body-font-family has-large-font-size\"><strong>Linh M\u1ee5c Th\u00e1i Qu\u1ed1c B\u1ea3o<\/strong><\/p>\n\n\n\n<p class=\"has-body-font-family has-large-font-size\"><strong>Tr\u01b0\u1edfng Ban T\u1ed5 Ch\u1ee9c \u0110HTM Orange 2025<\/strong><\/p>\n\n\n\n<p class=\"has-body-font-family has-large-font-size\"><\/p>","protected":false},"excerpt":{"rendered":"<p>\u0110\u1ea1i H\u1ed9i Th\u00e1nh M\u1eabu Orange 2025 \u2013 L\u1eddi Tri \u00c2n L\u1eddi \u0111\u1ea7u ti\u00ean, ch\u00fang con xin c\u1ea3m t\u1ea1 Thi\u00ean Ch\u00faa nh\u1edd l\u1eddi chuy\u1ec3n c\u1ea7u c\u1ee7a \u0110\u1ee9c M\u1eb9 La Vang \u0111\u00e3 ban cho t\u1ea5t c\u1ea3 ch\u00fang ta m\u1ed9t tinh th\u1ea7n nhi\u1ec7t huy\u1ebft v\u00e0 h\u0103ng say, y\u00eau th\u01b0\u01a1ng v\u00e0 hi\u1ec7p nh\u1ea5t \u0111\u1ec3 t\u1ed5 ch\u1ee9c \u0110HTM Orange k\u1ef3 [&hellip;]<\/p>\n","protected":false},"author":14,"featured_media":30251,"parent":30321,"menu_order":0,"comment_status":"closed","ping_status":"closed","template":"","meta":{"_acf_changed":false,"footnotes":""},"class_list":["post-30569","page","type-page","status-publish","has-post-thumbnail","hentry"],"acf":[],"yoast_head":"<!-- This site is optimized with the Yoast SEO plugin v27.0 - https:\/\/yoast.com\/product\/yoast-seo-wordpress\/ -->\n<title>L\u1eddi Tri \u00c2n - Marian Days<\/title>\n<meta name=\"description\" content=\"Letter of Gratitude from Fr. Bao Thai, Rector of Christ Cathedral and Chairman of Marian Day.\" \/>\n<meta name=\"robots\" content=\"index, follow, max-snippet:-1, max-image-preview:large, max-video-preview:-1\" \/>\n<link rel=\"canonical\" href=\"https:\/\/melavangoc.com\/en\/marian-days-2025\/letter-of-gratitude\/\" \/>\n<meta property=\"og:locale\" content=\"en_US\" \/>\n<meta property=\"og:type\" content=\"article\" \/>\n<meta property=\"og:title\" content=\"L\u1eddi Tri \u00c2n - Marian Days\" \/>\n<meta property=\"og:description\" content=\"Letter of Gratitude from Fr. Bao Thai, Rector of Christ Cathedral and Chairman of Marian Day.\" \/>\n<meta property=\"og:url\" content=\"https:\/\/melavangoc.com\/en\/marian-days-2025\/letter-of-gratitude\/\" \/>\n<meta property=\"og:site_name\" content=\"Marian Days\" \/>\n<meta property=\"article:modified_time\" content=\"2026-01-28T18:12:08+00:00\" \/>\n<meta property=\"og:image\" content=\"https:\/\/melavangoc.com\/wp-content\/uploads\/2024\/10\/33SA108707-1.jpg\" \/>\n\t<meta property=\"og:image:width\" content=\"2089\" \/>\n\t<meta property=\"og:image:height\" content=\"1393\" \/>\n\t<meta property=\"og:image:type\" content=\"image\/jpeg\" \/>\n<meta name=\"twitter:card\" content=\"summary_large_image\" \/>\n<meta name=\"twitter:label1\" content=\"Est. reading time\" \/>\n\t<meta name=\"twitter:data1\" content=\"1 minute\" \/>\n<script type=\"application\/ld+json\" class=\"yoast-schema-graph\">{\"@context\":\"https:\/\/schema.org\",\"@graph\":[{\"@type\":\"WebPage\",\"@id\":\"https:\/\/melavangoc.com\/marian-days-2025\/letter-of-gratitude\/\",\"url\":\"https:\/\/melavangoc.com\/marian-days-2025\/letter-of-gratitude\/\",\"name\":\"L\u1eddi Tri \u00c2n - Marian Days\",\"isPartOf\":{\"@id\":\"https:\/\/melavangoc.com\/#website\"},\"primaryImageOfPage\":{\"@id\":\"https:\/\/melavangoc.com\/marian-days-2025\/letter-of-gratitude\/#primaryimage\"},\"image\":{\"@id\":\"https:\/\/melavangoc.com\/marian-days-2025\/letter-of-gratitude\/#primaryimage\"},\"thumbnailUrl\":\"https:\/\/melavangoc.com\/wp-content\/uploads\/2024\/10\/33SA108707-1.jpg\",\"datePublished\":\"2025-07-15T17:58:34+00:00\",\"dateModified\":\"2026-01-28T18:12:08+00:00\",\"description\":\"Letter of Gratitude from Fr. Bao Thai, Rector of Christ Cathedral and Chairman of Marian Day.\",\"breadcrumb\":{\"@id\":\"https:\/\/melavangoc.com\/marian-days-2025\/letter-of-gratitude\/#breadcrumb\"},\"inLanguage\":\"en-US\",\"potentialAction\":[{\"@type\":\"ReadAction\",\"target\":[\"https:\/\/melavangoc.com\/marian-days-2025\/letter-of-gratitude\/\"]}]},{\"@type\":\"ImageObject\",\"inLanguage\":\"en-US\",\"@id\":\"https:\/\/melavangoc.com\/marian-days-2025\/letter-of-gratitude\/#primaryimage\",\"url\":\"https:\/\/melavangoc.com\/wp-content\/uploads\/2024\/10\/33SA108707-1.jpg\",\"contentUrl\":\"https:\/\/melavangoc.com\/wp-content\/uploads\/2024\/10\/33SA108707-1.jpg\",\"width\":2089,\"height\":1393},{\"@type\":\"BreadcrumbList\",\"@id\":\"https:\/\/melavangoc.com\/marian-days-2025\/letter-of-gratitude\/#breadcrumb\",\"itemListElement\":[{\"@type\":\"ListItem\",\"position\":1,\"name\":\"Home\",\"item\":\"https:\/\/melavangoc.com\/\"},{\"@type\":\"ListItem\",\"position\":2,\"name\":\"\u0110\u1ea1i H\u1ed9i Th\u00e1nh M\u1eabu 2025\",\"item\":\"https:\/\/melavangoc.com\/marian-days-2025\/\"},{\"@type\":\"ListItem\",\"position\":3,\"name\":\"L\u1eddi Tri \u00c2n\"}]},{\"@type\":\"WebSite\",\"@id\":\"https:\/\/melavangoc.com\/#website\",\"url\":\"https:\/\/melavangoc.com\/\",\"name\":\"Marian Days\",\"description\":\"\",\"publisher\":{\"@id\":\"https:\/\/melavangoc.com\/#organization\"},\"potentialAction\":[{\"@type\":\"SearchAction\",\"target\":{\"@type\":\"EntryPoint\",\"urlTemplate\":\"https:\/\/melavangoc.com\/?s={search_term_string}\"},\"query-input\":{\"@type\":\"PropertyValueSpecification\",\"valueRequired\":true,\"valueName\":\"search_term_string\"}}],\"inLanguage\":\"en-US\"},{\"@type\":\"Organization\",\"@id\":\"https:\/\/melavangoc.com\/#organization\",\"name\":\"Roman Catholic Diocese of Orange\",\"url\":\"https:\/\/melavangoc.com\/\",\"logo\":{\"@type\":\"ImageObject\",\"inLanguage\":\"en-US\",\"@id\":\"https:\/\/melavangoc.com\/#\/schema\/logo\/image\/\",\"url\":\"https:\/\/melavangoc.com\/wp-content\/uploads\/2025\/07\/AVA-Marian-Days-2026.png\",\"contentUrl\":\"https:\/\/melavangoc.com\/wp-content\/uploads\/2025\/07\/AVA-Marian-Days-2026.png\",\"width\":598,\"height\":661,\"caption\":\"Roman Catholic Diocese of Orange\"},\"image\":{\"@id\":\"https:\/\/melavangoc.com\/#\/schema\/logo\/image\/\"}}]}<\/script>\n<!-- \/ Yoast SEO plugin. -->","yoast_head_json":{"title":"L\u1eddi Tri \u00c2n - Marian Days","description":"Letter of Gratitude from Fr. Bao Thai, Rector of Christ Cathedral and Chairman of Marian Day.","robots":{"index":"index","follow":"follow","max-snippet":"max-snippet:-1","max-image-preview":"max-image-preview:large","max-video-preview":"max-video-preview:-1"},"canonical":"https:\/\/melavangoc.com\/en\/marian-days-2025\/letter-of-gratitude\/","og_locale":"en_US","og_type":"article","og_title":"L\u1eddi Tri \u00c2n - Marian Days","og_description":"Letter of Gratitude from Fr. Bao Thai, Rector of Christ Cathedral and Chairman of Marian Day.","og_url":"https:\/\/melavangoc.com\/en\/marian-days-2025\/letter-of-gratitude\/","og_site_name":"Marian Days","article_modified_time":"2026-01-28T18:12:08+00:00","og_image":[{"width":2089,"height":1393,"url":"https:\/\/melavangoc.com\/wp-content\/uploads\/2024\/10\/33SA108707-1.jpg","type":"image\/jpeg"}],"twitter_card":"summary_large_image","twitter_misc":{"Est. reading time":"1 minute"},"schema":{"@context":"https:\/\/schema.org","@graph":[{"@type":"WebPage","@id":"https:\/\/melavangoc.com\/marian-days-2025\/letter-of-gratitude\/","url":"https:\/\/melavangoc.com\/marian-days-2025\/letter-of-gratitude\/","name":"L\u1eddi Tri \u00c2n - Marian Days","isPartOf":{"@id":"https:\/\/melavangoc.com\/#website"},"primaryImageOfPage":{"@id":"https:\/\/melavangoc.com\/marian-days-2025\/letter-of-gratitude\/#primaryimage"},"image":{"@id":"https:\/\/melavangoc.com\/marian-days-2025\/letter-of-gratitude\/#primaryimage"},"thumbnailUrl":"https:\/\/melavangoc.com\/wp-content\/uploads\/2024\/10\/33SA108707-1.jpg","datePublished":"2025-07-15T17:58:34+00:00","dateModified":"2026-01-28T18:12:08+00:00","description":"Letter of Gratitude from Fr. Bao Thai, Rector of Christ Cathedral and Chairman of Marian Day.","breadcrumb":{"@id":"https:\/\/melavangoc.com\/marian-days-2025\/letter-of-gratitude\/#breadcrumb"},"inLanguage":"en-US","potentialAction":[{"@type":"ReadAction","target":["https:\/\/melavangoc.com\/marian-days-2025\/letter-of-gratitude\/"]}]},{"@type":"ImageObject","inLanguage":"en-US","@id":"https:\/\/melavangoc.com\/marian-days-2025\/letter-of-gratitude\/#primaryimage","url":"https:\/\/melavangoc.com\/wp-content\/uploads\/2024\/10\/33SA108707-1.jpg","contentUrl":"https:\/\/melavangoc.com\/wp-content\/uploads\/2024\/10\/33SA108707-1.jpg","width":2089,"height":1393},{"@type":"BreadcrumbList","@id":"https:\/\/melavangoc.com\/marian-days-2025\/letter-of-gratitude\/#breadcrumb","itemListElement":[{"@type":"ListItem","position":1,"name":"Home","item":"https:\/\/melavangoc.com\/"},{"@type":"ListItem","position":2,"name":"\u0110\u1ea1i H\u1ed9i Th\u00e1nh M\u1eabu 2025","item":"https:\/\/melavangoc.com\/marian-days-2025\/"},{"@type":"ListItem","position":3,"name":"L\u1eddi Tri \u00c2n"}]},{"@type":"WebSite","@id":"https:\/\/melavangoc.com\/#website","url":"https:\/\/melavangoc.com\/","name":"Marian Days","description":"","publisher":{"@id":"https:\/\/melavangoc.com\/#organization"},"potentialAction":[{"@type":"SearchAction","target":{"@type":"EntryPoint","urlTemplate":"https:\/\/melavangoc.com\/?s={search_term_string}"},"query-input":{"@type":"PropertyValueSpecification","valueRequired":true,"valueName":"search_term_string"}}],"inLanguage":"en-US"},{"@type":"Organization","@id":"https:\/\/melavangoc.com\/#organization","name":"Roman Catholic Diocese of Orange","url":"https:\/\/melavangoc.com\/","logo":{"@type":"ImageObject","inLanguage":"en-US","@id":"https:\/\/melavangoc.com\/#\/schema\/logo\/image\/","url":"https:\/\/melavangoc.com\/wp-content\/uploads\/2025\/07\/AVA-Marian-Days-2026.png","contentUrl":"https:\/\/melavangoc.com\/wp-content\/uploads\/2025\/07\/AVA-Marian-Days-2026.png","width":598,"height":661,"caption":"Roman Catholic Diocese of Orange"},"image":{"@id":"https:\/\/melavangoc.com\/#\/schema\/logo\/image\/"}}]}},"_links":{"self":[{"href":"https:\/\/melavangoc.com\/en\/wp-json\/wp\/v2\/pages\/30569","targetHints":{"allow":["GET"]}}],"collection":[{"href":"https:\/\/melavangoc.com\/en\/wp-json\/wp\/v2\/pages"}],"about":[{"href":"https:\/\/melavangoc.com\/en\/wp-json\/wp\/v2\/types\/page"}],"author":[{"embeddable":true,"href":"https:\/\/melavangoc.com\/en\/wp-json\/wp\/v2\/users\/14"}],"replies":[{"embeddable":true,"href":"https:\/\/melavangoc.com\/en\/wp-json\/wp\/v2\/comments?post=30569"}],"version-history":[{"count":0,"href":"https:\/\/melavangoc.com\/en\/wp-json\/wp\/v2\/pages\/30569\/revisions"}],"up":[{"embeddable":true,"href":"https:\/\/melavangoc.com\/en\/wp-json\/wp\/v2\/pages\/30321"}],"wp:featuredmedia":[{"embeddable":true,"href":"https:\/\/melavangoc.com\/en\/wp-json\/wp\/v2\/media\/30251"}],"wp:attachment":[{"href":"https:\/\/melavangoc.com\/en\/wp-json\/wp\/v2\/media?parent=30569"}],"curies":[{"name":"wp","href":"https:\/\/api.w.org\/{rel}","templated":true}]}}