{"id":30633,"date":"2026-02-18T15:34:43","date_gmt":"2026-02-18T23:34:43","guid":{"rendered":"https:\/\/melavangoc.com\/?page_id=30633"},"modified":"2026-02-18T15:56:47","modified_gmt":"2026-02-18T23:56:47","slug":"vocation-booth","status":"publish","type":"page","link":"https:\/\/melavangoc.com\/en\/marian-days-2026\/registration\/vocation-booth\/","title":{"rendered":"Vocation Booth"},"content":{"rendered":"<div class=\"wp-block-group has-global-padding is-layout-constrained wp-container-core-group-is-layout-e099a0eb wp-block-group-is-layout-constrained\">\n<div class=\"wp-block-buttons is-layout-flex wp-block-buttons-is-layout-flex\">\n<div class=\"wp-block-button has-custom-width wp-block-button__width-100\"><a class=\"wp-block-button__link has-large-font-size has-custom-font-size wp-element-button\" href=\"https:\/\/melavangoc.com\/wp-content\/uploads\/2026\/02\/Booth-Registration-Vocation-VN-2026-02-11.pdf\" target=\"_blank\" rel=\"noreferrer noopener\">\u0110\u01a1n Xin Ch\u1ed7 D\u1ef1ng L\u1ec1u H\u1ed9i D\u00f2ng<\/a><\/div>\n\n\n\n<div class=\"wp-block-button has-custom-width wp-block-button__width-100\"><a class=\"wp-block-button__link has-large-font-size has-custom-font-size wp-element-button\" href=\"https:\/\/melavangoc.com\/wp-content\/uploads\/2026\/02\/Booth-Registration-Vocation-EN-2026-02-11.pdf\" target=\"_blank\" rel=\"noreferrer noopener\">Vocation Booth Registration<\/a><\/div>\n<\/div>\n<\/div>\n\n\n\n<div style=\"height:50px\" aria-hidden=\"true\" class=\"wp-block-spacer\"><\/div>\n\n\n\n<figure class=\"wp-block-table\"><table class=\"has-fixed-layout\"><tbody><tr><td>6\/06\/26<\/td><td>Reservation close. MDOC confirms acceptance of booth reservations.<\/td><\/tr><tr><td>7\/01\/26<\/td><td>Last day to cancel reservation without losing the $250 reservation fee.<\/td><\/tr><tr><td>7\/07\/26<\/td><td>Space available, chairs to be furnished upon request.<\/td><\/tr><tr><td>7\/11\/26 @ 8:00pm<\/td><td>Return chairs, clear area of trash and all materials.<\/td><\/tr><\/tbody><\/table><\/figure>\n\n\n\n<p><\/p>","protected":false},"excerpt":{"rendered":"<p>6\/06\/26 K\u1ebft Th\u00fac nh\u1eadn \u0111\u01a1n. BTC th\u00f4ng b\u00e1o ch\u1ea5p thu\u1eadn \u0111\u01a1n. 1\/07\/26 Ng\u00e0y cu\u1ed1i c\u00f9ng \u0111\u1ec3 h\u1ee7y \u0111\u01a1n tr\u01b0\u1edbc khi m\u1ea5t $250 ti\u1ec1n \u0111\u1eb7t c\u1ecdc thu\u00ea ch\u1ed7. 7\/07\/26 B\u00e0n\/Ch\u1ed7 s\u1eb5n s\u00e0ng \u0111\u1ec3 d\u1ef1ng l\u1ec1u. 11\/07\/26 @ 8:00pm Tr\u1ea3 l\u1ea1i gh\u1ebf cho BTC, d\u1ecdn d\u1eb9p r\u00e1c v\u00e0 \u0111\u1ed3 \u0111\u1ea1c.<\/p>","protected":false},"author":14,"featured_media":30285,"parent":30602,"menu_order":0,"comment_status":"closed","ping_status":"closed","template":"","meta":{"_acf_changed":false,"footnotes":""},"class_list":["post-30633","page","type-page","status-publish","has-post-thumbnail","hentry"],"acf":[],"yoast_head":"<!-- This site is optimized with the Yoast SEO plugin v27.0 - https:\/\/yoast.com\/product\/yoast-seo-wordpress\/ -->\n<title>L\u1ec1u Cho H\u1ed9i D\u00f2ng - Marian Days<\/title>\n<meta name=\"robots\" content=\"index, follow, max-snippet:-1, max-image-preview:large, max-video-preview:-1\" \/>\n<link rel=\"canonical\" href=\"https:\/\/melavangoc.com\/en\/marian-days-2026\/registration\/vocation-booth\/\" \/>\n<meta property=\"og:locale\" content=\"en_US\" \/>\n<meta property=\"og:type\" content=\"article\" \/>\n<meta property=\"og:title\" content=\"L\u1ec1u Cho H\u1ed9i D\u00f2ng - Marian Days\" \/>\n<meta property=\"og:description\" content=\"6\/06\/26 K\u1ebft Th\u00fac nh\u1eadn \u0111\u01a1n. BTC th\u00f4ng b\u00e1o ch\u1ea5p thu\u1eadn \u0111\u01a1n. 1\/07\/26 Ng\u00e0y cu\u1ed1i c\u00f9ng \u0111\u1ec3 h\u1ee7y \u0111\u01a1n tr\u01b0\u1edbc khi m\u1ea5t $250 ti\u1ec1n \u0111\u1eb7t c\u1ecdc thu\u00ea ch\u1ed7. 7\/07\/26 B\u00e0n\/Ch\u1ed7 s\u1eb5n s\u00e0ng \u0111\u1ec3 d\u1ef1ng l\u1ec1u. 11\/07\/26 @ 8:00pm Tr\u1ea3 l\u1ea1i gh\u1ebf cho BTC, d\u1ecdn d\u1eb9p r\u00e1c v\u00e0 \u0111\u1ed3 \u0111\u1ea1c.\" \/>\n<meta property=\"og:url\" content=\"https:\/\/melavangoc.com\/en\/marian-days-2026\/registration\/vocation-booth\/\" \/>\n<meta property=\"og:site_name\" content=\"Marian Days\" \/>\n<meta property=\"article:modified_time\" content=\"2026-02-18T23:56:47+00:00\" \/>\n<meta property=\"og:image\" content=\"https:\/\/melavangoc.com\/wp-content\/uploads\/2024\/10\/0F3A6786-Enhanced-NR-1.jpg\" \/>\n\t<meta property=\"og:image:width\" content=\"2037\" \/>\n\t<meta property=\"og:image:height\" content=\"1359\" \/>\n\t<meta property=\"og:image:type\" content=\"image\/jpeg\" \/>\n<meta name=\"twitter:card\" content=\"summary_large_image\" \/>\n<meta name=\"twitter:label1\" content=\"Est. reading time\" \/>\n\t<meta name=\"twitter:data1\" content=\"1 minute\" \/>\n<script type=\"application\/ld+json\" class=\"yoast-schema-graph\">{\"@context\":\"https:\/\/schema.org\",\"@graph\":[{\"@type\":\"WebPage\",\"@id\":\"https:\/\/melavangoc.com\/marian-days-2026\/registration\/vocation-booth\/\",\"url\":\"https:\/\/melavangoc.com\/marian-days-2026\/registration\/vocation-booth\/\",\"name\":\"L\u1ec1u Cho H\u1ed9i D\u00f2ng - Marian Days\",\"isPartOf\":{\"@id\":\"https:\/\/melavangoc.com\/#website\"},\"primaryImageOfPage\":{\"@id\":\"https:\/\/melavangoc.com\/marian-days-2026\/registration\/vocation-booth\/#primaryimage\"},\"image\":{\"@id\":\"https:\/\/melavangoc.com\/marian-days-2026\/registration\/vocation-booth\/#primaryimage\"},\"thumbnailUrl\":\"https:\/\/melavangoc.com\/wp-content\/uploads\/2024\/10\/0F3A6786-Enhanced-NR-1.jpg\",\"datePublished\":\"2026-02-18T23:34:43+00:00\",\"dateModified\":\"2026-02-18T23:56:47+00:00\",\"breadcrumb\":{\"@id\":\"https:\/\/melavangoc.com\/marian-days-2026\/registration\/vocation-booth\/#breadcrumb\"},\"inLanguage\":\"en-US\",\"potentialAction\":[{\"@type\":\"ReadAction\",\"target\":[\"https:\/\/melavangoc.com\/marian-days-2026\/registration\/vocation-booth\/\"]}]},{\"@type\":\"ImageObject\",\"inLanguage\":\"en-US\",\"@id\":\"https:\/\/melavangoc.com\/marian-days-2026\/registration\/vocation-booth\/#primaryimage\",\"url\":\"https:\/\/melavangoc.com\/wp-content\/uploads\/2024\/10\/0F3A6786-Enhanced-NR-1.jpg\",\"contentUrl\":\"https:\/\/melavangoc.com\/wp-content\/uploads\/2024\/10\/0F3A6786-Enhanced-NR-1.jpg\",\"width\":2037,\"height\":1359},{\"@type\":\"BreadcrumbList\",\"@id\":\"https:\/\/melavangoc.com\/marian-days-2026\/registration\/vocation-booth\/#breadcrumb\",\"itemListElement\":[{\"@type\":\"ListItem\",\"position\":1,\"name\":\"Home\",\"item\":\"https:\/\/melavangoc.com\/\"},{\"@type\":\"ListItem\",\"position\":2,\"name\":\"\u0110\u1ea1i H\u1ed9i Th\u00e1nh M\u1eabu 2026\",\"item\":\"https:\/\/melavangoc.com\/marian-days-2026\/\"},{\"@type\":\"ListItem\",\"position\":3,\"name\":\"Ghi Danh\",\"item\":\"https:\/\/melavangoc.com\/marian-days-2026\/registration\/\"},{\"@type\":\"ListItem\",\"position\":4,\"name\":\"L\u1ec1u Cho H\u1ed9i D\u00f2ng\"}]},{\"@type\":\"WebSite\",\"@id\":\"https:\/\/melavangoc.com\/#website\",\"url\":\"https:\/\/melavangoc.com\/\",\"name\":\"Marian Days\",\"description\":\"\",\"publisher\":{\"@id\":\"https:\/\/melavangoc.com\/#organization\"},\"potentialAction\":[{\"@type\":\"SearchAction\",\"target\":{\"@type\":\"EntryPoint\",\"urlTemplate\":\"https:\/\/melavangoc.com\/?s={search_term_string}\"},\"query-input\":{\"@type\":\"PropertyValueSpecification\",\"valueRequired\":true,\"valueName\":\"search_term_string\"}}],\"inLanguage\":\"en-US\"},{\"@type\":\"Organization\",\"@id\":\"https:\/\/melavangoc.com\/#organization\",\"name\":\"Roman Catholic Diocese of Orange\",\"url\":\"https:\/\/melavangoc.com\/\",\"logo\":{\"@type\":\"ImageObject\",\"inLanguage\":\"en-US\",\"@id\":\"https:\/\/melavangoc.com\/#\/schema\/logo\/image\/\",\"url\":\"https:\/\/melavangoc.com\/wp-content\/uploads\/2025\/07\/AVA-Marian-Days-2026.png\",\"contentUrl\":\"https:\/\/melavangoc.com\/wp-content\/uploads\/2025\/07\/AVA-Marian-Days-2026.png\",\"width\":598,\"height\":661,\"caption\":\"Roman Catholic Diocese of Orange\"},\"image\":{\"@id\":\"https:\/\/melavangoc.com\/#\/schema\/logo\/image\/\"}}]}<\/script>\n<!-- \/ Yoast SEO plugin. -->","yoast_head_json":{"title":"L\u1ec1u Cho H\u1ed9i D\u00f2ng - Marian Days","robots":{"index":"index","follow":"follow","max-snippet":"max-snippet:-1","max-image-preview":"max-image-preview:large","max-video-preview":"max-video-preview:-1"},"canonical":"https:\/\/melavangoc.com\/en\/marian-days-2026\/registration\/vocation-booth\/","og_locale":"en_US","og_type":"article","og_title":"L\u1ec1u Cho H\u1ed9i D\u00f2ng - Marian Days","og_description":"6\/06\/26 K\u1ebft Th\u00fac nh\u1eadn \u0111\u01a1n. BTC th\u00f4ng b\u00e1o ch\u1ea5p thu\u1eadn \u0111\u01a1n. 1\/07\/26 Ng\u00e0y cu\u1ed1i c\u00f9ng \u0111\u1ec3 h\u1ee7y \u0111\u01a1n tr\u01b0\u1edbc khi m\u1ea5t $250 ti\u1ec1n \u0111\u1eb7t c\u1ecdc thu\u00ea ch\u1ed7. 7\/07\/26 B\u00e0n\/Ch\u1ed7 s\u1eb5n s\u00e0ng \u0111\u1ec3 d\u1ef1ng l\u1ec1u. 11\/07\/26 @ 8:00pm Tr\u1ea3 l\u1ea1i gh\u1ebf cho BTC, d\u1ecdn d\u1eb9p r\u00e1c v\u00e0 \u0111\u1ed3 \u0111\u1ea1c.","og_url":"https:\/\/melavangoc.com\/en\/marian-days-2026\/registration\/vocation-booth\/","og_site_name":"Marian Days","article_modified_time":"2026-02-18T23:56:47+00:00","og_image":[{"width":2037,"height":1359,"url":"https:\/\/melavangoc.com\/wp-content\/uploads\/2024\/10\/0F3A6786-Enhanced-NR-1.jpg","type":"image\/jpeg"}],"twitter_card":"summary_large_image","twitter_misc":{"Est. reading time":"1 minute"},"schema":{"@context":"https:\/\/schema.org","@graph":[{"@type":"WebPage","@id":"https:\/\/melavangoc.com\/marian-days-2026\/registration\/vocation-booth\/","url":"https:\/\/melavangoc.com\/marian-days-2026\/registration\/vocation-booth\/","name":"L\u1ec1u Cho H\u1ed9i D\u00f2ng - Marian Days","isPartOf":{"@id":"https:\/\/melavangoc.com\/#website"},"primaryImageOfPage":{"@id":"https:\/\/melavangoc.com\/marian-days-2026\/registration\/vocation-booth\/#primaryimage"},"image":{"@id":"https:\/\/melavangoc.com\/marian-days-2026\/registration\/vocation-booth\/#primaryimage"},"thumbnailUrl":"https:\/\/melavangoc.com\/wp-content\/uploads\/2024\/10\/0F3A6786-Enhanced-NR-1.jpg","datePublished":"2026-02-18T23:34:43+00:00","dateModified":"2026-02-18T23:56:47+00:00","breadcrumb":{"@id":"https:\/\/melavangoc.com\/marian-days-2026\/registration\/vocation-booth\/#breadcrumb"},"inLanguage":"en-US","potentialAction":[{"@type":"ReadAction","target":["https:\/\/melavangoc.com\/marian-days-2026\/registration\/vocation-booth\/"]}]},{"@type":"ImageObject","inLanguage":"en-US","@id":"https:\/\/melavangoc.com\/marian-days-2026\/registration\/vocation-booth\/#primaryimage","url":"https:\/\/melavangoc.com\/wp-content\/uploads\/2024\/10\/0F3A6786-Enhanced-NR-1.jpg","contentUrl":"https:\/\/melavangoc.com\/wp-content\/uploads\/2024\/10\/0F3A6786-Enhanced-NR-1.jpg","width":2037,"height":1359},{"@type":"BreadcrumbList","@id":"https:\/\/melavangoc.com\/marian-days-2026\/registration\/vocation-booth\/#breadcrumb","itemListElement":[{"@type":"ListItem","position":1,"name":"Home","item":"https:\/\/melavangoc.com\/"},{"@type":"ListItem","position":2,"name":"\u0110\u1ea1i H\u1ed9i Th\u00e1nh M\u1eabu 2026","item":"https:\/\/melavangoc.com\/marian-days-2026\/"},{"@type":"ListItem","position":3,"name":"Ghi Danh","item":"https:\/\/melavangoc.com\/marian-days-2026\/registration\/"},{"@type":"ListItem","position":4,"name":"L\u1ec1u Cho H\u1ed9i D\u00f2ng"}]},{"@type":"WebSite","@id":"https:\/\/melavangoc.com\/#website","url":"https:\/\/melavangoc.com\/","name":"Marian Days","description":"","publisher":{"@id":"https:\/\/melavangoc.com\/#organization"},"potentialAction":[{"@type":"SearchAction","target":{"@type":"EntryPoint","urlTemplate":"https:\/\/melavangoc.com\/?s={search_term_string}"},"query-input":{"@type":"PropertyValueSpecification","valueRequired":true,"valueName":"search_term_string"}}],"inLanguage":"en-US"},{"@type":"Organization","@id":"https:\/\/melavangoc.com\/#organization","name":"Roman Catholic Diocese of Orange","url":"https:\/\/melavangoc.com\/","logo":{"@type":"ImageObject","inLanguage":"en-US","@id":"https:\/\/melavangoc.com\/#\/schema\/logo\/image\/","url":"https:\/\/melavangoc.com\/wp-content\/uploads\/2025\/07\/AVA-Marian-Days-2026.png","contentUrl":"https:\/\/melavangoc.com\/wp-content\/uploads\/2025\/07\/AVA-Marian-Days-2026.png","width":598,"height":661,"caption":"Roman Catholic Diocese of Orange"},"image":{"@id":"https:\/\/melavangoc.com\/#\/schema\/logo\/image\/"}}]}},"_links":{"self":[{"href":"https:\/\/melavangoc.com\/en\/wp-json\/wp\/v2\/pages\/30633","targetHints":{"allow":["GET"]}}],"collection":[{"href":"https:\/\/melavangoc.com\/en\/wp-json\/wp\/v2\/pages"}],"about":[{"href":"https:\/\/melavangoc.com\/en\/wp-json\/wp\/v2\/types\/page"}],"author":[{"embeddable":true,"href":"https:\/\/melavangoc.com\/en\/wp-json\/wp\/v2\/users\/14"}],"replies":[{"embeddable":true,"href":"https:\/\/melavangoc.com\/en\/wp-json\/wp\/v2\/comments?post=30633"}],"version-history":[{"count":0,"href":"https:\/\/melavangoc.com\/en\/wp-json\/wp\/v2\/pages\/30633\/revisions"}],"up":[{"embeddable":true,"href":"https:\/\/melavangoc.com\/en\/wp-json\/wp\/v2\/pages\/30602"}],"wp:featuredmedia":[{"embeddable":true,"href":"https:\/\/melavangoc.com\/en\/wp-json\/wp\/v2\/media\/30285"}],"wp:attachment":[{"href":"https:\/\/melavangoc.com\/en\/wp-json\/wp\/v2\/media?parent=30633"}],"curies":[{"name":"wp","href":"https:\/\/api.w.org\/{rel}","templated":true}]}}