{"id":30661,"date":"2026-03-14T10:41:00","date_gmt":"2026-03-14T17:41:00","guid":{"rendered":"https:\/\/melavangoc.com\/?page_id=30661"},"modified":"2026-03-14T10:51:45","modified_gmt":"2026-03-14T17:51:45","slug":"altar-server","status":"publish","type":"page","link":"https:\/\/melavangoc.com\/en\/marian-days-2026\/registration\/altar-server\/","title":{"rendered":"Altar Servers"},"content":{"rendered":"<p class=\"has-medium-font-size\">K\u00ednh th\u01b0a qu\u00fd Cha Ch\u00ednh X\u1ee9, qu\u00fd Cha Qu\u1ea3n Nhi\u1ec7m, v\u00e0 Qu\u00fd Ch\u1ee7 T\u1ecbch C\u1ed9ng \u0110o\u00e0n,<\/p>\n\n\n\n<p class=\"has-medium-font-size\">Trong d\u1ecbp \u0110\u1ea1i H\u1ed9i Th\u00e1nh M\u1eabu Orange 2026 \u2013 K\u1ef3 V, \u0111\u1ec3 ph\u1ee5c v\u1ee5 4 Th\u00e1nh L\u1ec5 v\u00e0 c\u00e1c nghi th\u1ee9c ph\u1ee5ng v\u1ee5 trong nh\u1eefng ng\u00e0y \u0110\u1ea1i H\u1ed9i, Ban T\u1ed5 Ch\u1ee9c tr\u00e2n tr\u1ecdng k\u00ednh m\u1eddi&nbsp;qu\u00fd Cha&nbsp;v\u00e0&nbsp;qu\u00fd Ch\u1ee7 T\u1ecbch&nbsp;c\u1ee7a 18&nbsp;C\u1ed9ng \u0111o\u00e0n C\u00f4ng gi\u00e1o trong Gi\u00e1o ph\u1eadn Orange tham gia&nbsp;gi\u1edbi thi\u1ec7u v\u00e0 g\u1eedi hai (02) em gi\u00fap l\u1ec5, tu\u1ed5i t\u1eeb 12 \u0111\u1ebfn 16, tham gia ph\u1ee5c v\u1ee5 gi\u00fap l\u1ec5 \u0110\u1ea1i H\u1ed9i.<\/p>\n\n\n\n<p class=\"has-medium-font-size\">S\u1ef1 c\u1ed9ng t\u00e1c c\u1ee7a c\u00e1c em gi\u00fap l\u1ec5 s\u1ebd g\u00f3p ph\u1ea7n l\u00e0m cho c\u00e1c c\u1eed h\u00e0nh ph\u1ee5ng v\u1ee5 trong \u0110\u1ea1i H\u1ed9i \u0111\u01b0\u1ee3c di\u1ec5n ra trang nghi\u00eam v\u00e0 \u0111\u1ea7y \u00fd ngh\u0129a, \u0111\u1ed3ng th\u1eddi th\u1ec3 hi\u1ec7n tinh th\u1ea7n hi\u1ec7p th\u00f4ng v\u00e0 ph\u1ee5c v\u1ee5 c\u1ee7a c\u00e1c c\u1ed9ng \u0111o\u00e0n trong Gi\u00e1o ph\u1eadn.<\/p>\n\n\n\n<p class=\"has-medium-font-size\">Ban T\u1ed5 Ch\u1ee9c ch\u00e2n th\u00e0nh c\u1ea3m \u01a1n v\u00e0 mong nh\u1eadn \u0111\u01b0\u1ee3c s\u1ef1 tham gia c\u00f9ng c\u1ed9ng t\u00e1c c\u1ee7a qu\u00fd Cha,\u00a0qu\u00fd Ch\u1ee7 T\u1ecbch, v\u00e0 18 c\u1ed9ng \u0111o\u00e0n \u0111\u1ec3 g\u00f3p ph\u1ea7n l\u00e0m cho \u0110\u1ea1i H\u1ed9i th\u00eam ph\u1ea7n s\u1ed1t s\u1eafng v\u00e0 t\u1ed1t \u0111\u1eb9p.<\/p>\n\n\n\n<p class=\"has-medium-font-size\">Ban T\u1ed5 Ch\u1ee9c xin h\u00e2n hoan \u0111\u00f3n ti\u1ebfp qu\u00fd Cha Ch\u00ednh X\u1ee9, qu\u00fd Cha Qu\u1ea3n Nhi\u1ec7m, v\u00e0 Qu\u00fd Ch\u1ee7 T\u1ecbch\u00a0C\u1ed9ng \u0110o\u00e0n t\u1ea1i\u00a0<strong>Marian Days 2026<\/strong>, t\u1ed5 ch\u1ee9c v\u00e0o 3 ng\u00e0y\u00a0<strong>th\u1ee9 N\u0103m, th\u1ee9 S\u00e1u v\u00e0 th\u1ee9 B\u1ea3y, 9, 10 &amp; 11 th\u00e1ng 7 n\u0103m 2026<\/strong>.<\/p>\n\n\n\n<p class=\"has-medium-font-size\">Tr\u00e2n tr\u1ecdng k\u00ednh m\u1eddi!<\/p>\n\n\n\n<p class=\"has-medium-font-size\">K\u00ednh m\u1ebfn trong Ch\u00faa Kit\u00f4,<\/p>\n\n\n\n<p class=\"has-medium-font-size\">Very Reverend Bao Thai<br>Qu\u1ea3n \u0110\u1ed1c Gi\u00e1o X\u1ee9 Ch\u00ednh T\u00f2a<br>Tr\u01b0\u1edfng Ban T\u1ed5 Ch\u1ee9c \u0110\u1ea1i H\u1ed9i Th\u00e1nh M\u1eabu Orange 2026<\/p>\n\n\n\n<hr class=\"wp-block-separator has-alpha-channel-opacity is-style-wide\"\/>\n\n\n\n<p class=\"has-medium-font-size\">K\u00ednh mong Qu\u00fd C\u1ed9ng \u0111o\u00e0n vui l\u00f2ng g\u1eedi&nbsp;<strong>t\u00ean hai em gi\u00fap l\u1ec5, tu\u1ed5i t\u1eeb 12 \u0111\u1ebfn 16,<\/strong>&nbsp;v\u1ec1 Ban T\u1ed5 Ch\u1ee9c tr\u01b0\u1edbc&nbsp;<strong>ng\u00e0y 1 th\u00e1ng 6 n\u0103m 2026.<\/strong><\/p>\n\n\n\n<p class=\"has-medium-font-size\">Xin nh\u1ea5n v\u00e0o \u0111\u01b0\u1eddng d\u1eabn ph\u00eda d\u01b0\u1edbi:<\/p>\n\n\n\n<div class=\"wp-block-group has-global-padding is-layout-constrained wp-container-core-group-is-layout-e099a0eb wp-block-group-is-layout-constrained\">\n<div class=\"wp-block-buttons is-content-justification-center is-layout-flex wp-container-core-buttons-is-layout-a89b3969 wp-block-buttons-is-layout-flex\">\n<div class=\"wp-block-button\"><a class=\"wp-block-button__link wp-element-button\" href=\"https:\/\/melavangoc.com\/wp-content\/uploads\/2026\/03\/MD26-THU-MOI-GIUP-LE-ALTAR-SERVER-VOLUNTEER-OPPORTUNITY.pdf\" target=\"_blank\" rel=\"noreferrer noopener\"><strong>TH\u01af M\u1edcI GI\u00daP L\u1ec4 &#8211; <\/strong><br><strong>ALTAR SERVER VOLUNTEER OPPORTUNITY<\/strong><\/a><\/div>\n<\/div>\n<\/div>\n\n\n\n<p><\/p>","protected":false},"excerpt":{"rendered":"<p>K\u00ednh th\u01b0a qu\u00fd Cha Ch\u00ednh X\u1ee9, qu\u00fd Cha Qu\u1ea3n Nhi\u1ec7m, v\u00e0 Qu\u00fd Ch\u1ee7 T\u1ecbch C\u1ed9ng \u0110o\u00e0n, Trong d\u1ecbp \u0110\u1ea1i H\u1ed9i Th\u00e1nh M\u1eabu Orange 2026 \u2013 K\u1ef3 V, \u0111\u1ec3 ph\u1ee5c v\u1ee5 4 Th\u00e1nh L\u1ec5 v\u00e0 c\u00e1c nghi th\u1ee9c ph\u1ee5ng v\u1ee5 trong nh\u1eefng ng\u00e0y \u0110\u1ea1i H\u1ed9i, Ban T\u1ed5 Ch\u1ee9c tr\u00e2n tr\u1ecdng k\u00ednh m\u1eddi&nbsp;qu\u00fd Cha&nbsp;v\u00e0&nbsp;qu\u00fd Ch\u1ee7 T\u1ecbch&nbsp;c\u1ee7a 18&nbsp;C\u1ed9ng [&hellip;]<\/p>\n","protected":false},"author":14,"featured_media":30663,"parent":30602,"menu_order":0,"comment_status":"closed","ping_status":"closed","template":"","meta":{"_acf_changed":false,"footnotes":""},"class_list":["post-30661","page","type-page","status-publish","has-post-thumbnail","hentry"],"acf":[],"yoast_head":"<!-- This site is optimized with the Yoast SEO plugin v27.0 - https:\/\/yoast.com\/product\/yoast-seo-wordpress\/ -->\n<title>Gi\u00fap L\u1ec5 - Marian Days<\/title>\n<meta name=\"robots\" content=\"index, follow, max-snippet:-1, max-image-preview:large, max-video-preview:-1\" \/>\n<link rel=\"canonical\" href=\"https:\/\/melavangoc.com\/en\/marian-days-2026\/registration\/altar-server\/\" \/>\n<meta property=\"og:locale\" content=\"en_US\" \/>\n<meta property=\"og:type\" content=\"article\" \/>\n<meta property=\"og:title\" content=\"Gi\u00fap L\u1ec5 - Marian Days\" \/>\n<meta property=\"og:description\" content=\"K\u00ednh th\u01b0a qu\u00fd Cha Ch\u00ednh X\u1ee9, qu\u00fd Cha Qu\u1ea3n Nhi\u1ec7m, v\u00e0 Qu\u00fd Ch\u1ee7 T\u1ecbch C\u1ed9ng \u0110o\u00e0n, Trong d\u1ecbp \u0110\u1ea1i H\u1ed9i Th\u00e1nh M\u1eabu Orange 2026 \u2013 K\u1ef3 V, \u0111\u1ec3 ph\u1ee5c v\u1ee5 4 Th\u00e1nh L\u1ec5 v\u00e0 c\u00e1c nghi th\u1ee9c ph\u1ee5ng v\u1ee5 trong nh\u1eefng ng\u00e0y \u0110\u1ea1i H\u1ed9i, Ban T\u1ed5 Ch\u1ee9c tr\u00e2n tr\u1ecdng k\u00ednh m\u1eddi&nbsp;qu\u00fd Cha&nbsp;v\u00e0&nbsp;qu\u00fd Ch\u1ee7 T\u1ecbch&nbsp;c\u1ee7a 18&nbsp;C\u1ed9ng [&hellip;]\" \/>\n<meta property=\"og:url\" content=\"https:\/\/melavangoc.com\/en\/marian-days-2026\/registration\/altar-server\/\" \/>\n<meta property=\"og:site_name\" content=\"Marian Days\" \/>\n<meta property=\"article:modified_time\" content=\"2026-03-14T17:51:45+00:00\" \/>\n<meta property=\"og:image\" content=\"https:\/\/melavangoc.com\/wp-content\/uploads\/2026\/03\/BF9A2775.jpg\" \/>\n\t<meta property=\"og:image:width\" content=\"1920\" \/>\n\t<meta property=\"og:image:height\" content=\"1280\" \/>\n\t<meta property=\"og:image:type\" content=\"image\/jpeg\" \/>\n<meta name=\"twitter:card\" content=\"summary_large_image\" \/>\n<meta name=\"twitter:label1\" content=\"Est. reading time\" \/>\n\t<meta name=\"twitter:data1\" content=\"2 minutes\" \/>\n<script type=\"application\/ld+json\" class=\"yoast-schema-graph\">{\"@context\":\"https:\/\/schema.org\",\"@graph\":[{\"@type\":\"WebPage\",\"@id\":\"https:\/\/melavangoc.com\/marian-days-2026\/registration\/altar-server\/\",\"url\":\"https:\/\/melavangoc.com\/marian-days-2026\/registration\/altar-server\/\",\"name\":\"Gi\u00fap L\u1ec5 - Marian Days\",\"isPartOf\":{\"@id\":\"https:\/\/melavangoc.com\/#website\"},\"primaryImageOfPage\":{\"@id\":\"https:\/\/melavangoc.com\/marian-days-2026\/registration\/altar-server\/#primaryimage\"},\"image\":{\"@id\":\"https:\/\/melavangoc.com\/marian-days-2026\/registration\/altar-server\/#primaryimage\"},\"thumbnailUrl\":\"https:\/\/melavangoc.com\/wp-content\/uploads\/2026\/03\/BF9A2775.jpg\",\"datePublished\":\"2026-03-14T17:41:00+00:00\",\"dateModified\":\"2026-03-14T17:51:45+00:00\",\"breadcrumb\":{\"@id\":\"https:\/\/melavangoc.com\/marian-days-2026\/registration\/altar-server\/#breadcrumb\"},\"inLanguage\":\"en-US\",\"potentialAction\":[{\"@type\":\"ReadAction\",\"target\":[\"https:\/\/melavangoc.com\/marian-days-2026\/registration\/altar-server\/\"]}]},{\"@type\":\"ImageObject\",\"inLanguage\":\"en-US\",\"@id\":\"https:\/\/melavangoc.com\/marian-days-2026\/registration\/altar-server\/#primaryimage\",\"url\":\"https:\/\/melavangoc.com\/wp-content\/uploads\/2026\/03\/BF9A2775.jpg\",\"contentUrl\":\"https:\/\/melavangoc.com\/wp-content\/uploads\/2026\/03\/BF9A2775.jpg\",\"width\":1920,\"height\":1280},{\"@type\":\"BreadcrumbList\",\"@id\":\"https:\/\/melavangoc.com\/marian-days-2026\/registration\/altar-server\/#breadcrumb\",\"itemListElement\":[{\"@type\":\"ListItem\",\"position\":1,\"name\":\"Home\",\"item\":\"https:\/\/melavangoc.com\/\"},{\"@type\":\"ListItem\",\"position\":2,\"name\":\"\u0110\u1ea1i H\u1ed9i Th\u00e1nh M\u1eabu 2026\",\"item\":\"https:\/\/melavangoc.com\/marian-days-2026\/\"},{\"@type\":\"ListItem\",\"position\":3,\"name\":\"Ghi Danh\",\"item\":\"https:\/\/melavangoc.com\/marian-days-2026\/registration\/\"},{\"@type\":\"ListItem\",\"position\":4,\"name\":\"Gi\u00fap L\u1ec5\"}]},{\"@type\":\"WebSite\",\"@id\":\"https:\/\/melavangoc.com\/#website\",\"url\":\"https:\/\/melavangoc.com\/\",\"name\":\"Marian Days\",\"description\":\"\",\"publisher\":{\"@id\":\"https:\/\/melavangoc.com\/#organization\"},\"potentialAction\":[{\"@type\":\"SearchAction\",\"target\":{\"@type\":\"EntryPoint\",\"urlTemplate\":\"https:\/\/melavangoc.com\/?s={search_term_string}\"},\"query-input\":{\"@type\":\"PropertyValueSpecification\",\"valueRequired\":true,\"valueName\":\"search_term_string\"}}],\"inLanguage\":\"en-US\"},{\"@type\":\"Organization\",\"@id\":\"https:\/\/melavangoc.com\/#organization\",\"name\":\"Roman Catholic Diocese of Orange\",\"url\":\"https:\/\/melavangoc.com\/\",\"logo\":{\"@type\":\"ImageObject\",\"inLanguage\":\"en-US\",\"@id\":\"https:\/\/melavangoc.com\/#\/schema\/logo\/image\/\",\"url\":\"https:\/\/melavangoc.com\/wp-content\/uploads\/2025\/07\/AVA-Marian-Days-2026.png\",\"contentUrl\":\"https:\/\/melavangoc.com\/wp-content\/uploads\/2025\/07\/AVA-Marian-Days-2026.png\",\"width\":598,\"height\":661,\"caption\":\"Roman Catholic Diocese of Orange\"},\"image\":{\"@id\":\"https:\/\/melavangoc.com\/#\/schema\/logo\/image\/\"}}]}<\/script>\n<!-- \/ Yoast SEO plugin. -->","yoast_head_json":{"title":"Gi\u00fap L\u1ec5 - Marian Days","robots":{"index":"index","follow":"follow","max-snippet":"max-snippet:-1","max-image-preview":"max-image-preview:large","max-video-preview":"max-video-preview:-1"},"canonical":"https:\/\/melavangoc.com\/en\/marian-days-2026\/registration\/altar-server\/","og_locale":"en_US","og_type":"article","og_title":"Gi\u00fap L\u1ec5 - Marian Days","og_description":"K\u00ednh th\u01b0a qu\u00fd Cha Ch\u00ednh X\u1ee9, qu\u00fd Cha Qu\u1ea3n Nhi\u1ec7m, v\u00e0 Qu\u00fd Ch\u1ee7 T\u1ecbch C\u1ed9ng \u0110o\u00e0n, Trong d\u1ecbp \u0110\u1ea1i H\u1ed9i Th\u00e1nh M\u1eabu Orange 2026 \u2013 K\u1ef3 V, \u0111\u1ec3 ph\u1ee5c v\u1ee5 4 Th\u00e1nh L\u1ec5 v\u00e0 c\u00e1c nghi th\u1ee9c ph\u1ee5ng v\u1ee5 trong nh\u1eefng ng\u00e0y \u0110\u1ea1i H\u1ed9i, Ban T\u1ed5 Ch\u1ee9c tr\u00e2n tr\u1ecdng k\u00ednh m\u1eddi&nbsp;qu\u00fd Cha&nbsp;v\u00e0&nbsp;qu\u00fd Ch\u1ee7 T\u1ecbch&nbsp;c\u1ee7a 18&nbsp;C\u1ed9ng [&hellip;]","og_url":"https:\/\/melavangoc.com\/en\/marian-days-2026\/registration\/altar-server\/","og_site_name":"Marian Days","article_modified_time":"2026-03-14T17:51:45+00:00","og_image":[{"width":1920,"height":1280,"url":"https:\/\/melavangoc.com\/wp-content\/uploads\/2026\/03\/BF9A2775.jpg","type":"image\/jpeg"}],"twitter_card":"summary_large_image","twitter_misc":{"Est. reading time":"2 minutes"},"schema":{"@context":"https:\/\/schema.org","@graph":[{"@type":"WebPage","@id":"https:\/\/melavangoc.com\/marian-days-2026\/registration\/altar-server\/","url":"https:\/\/melavangoc.com\/marian-days-2026\/registration\/altar-server\/","name":"Gi\u00fap L\u1ec5 - Marian Days","isPartOf":{"@id":"https:\/\/melavangoc.com\/#website"},"primaryImageOfPage":{"@id":"https:\/\/melavangoc.com\/marian-days-2026\/registration\/altar-server\/#primaryimage"},"image":{"@id":"https:\/\/melavangoc.com\/marian-days-2026\/registration\/altar-server\/#primaryimage"},"thumbnailUrl":"https:\/\/melavangoc.com\/wp-content\/uploads\/2026\/03\/BF9A2775.jpg","datePublished":"2026-03-14T17:41:00+00:00","dateModified":"2026-03-14T17:51:45+00:00","breadcrumb":{"@id":"https:\/\/melavangoc.com\/marian-days-2026\/registration\/altar-server\/#breadcrumb"},"inLanguage":"en-US","potentialAction":[{"@type":"ReadAction","target":["https:\/\/melavangoc.com\/marian-days-2026\/registration\/altar-server\/"]}]},{"@type":"ImageObject","inLanguage":"en-US","@id":"https:\/\/melavangoc.com\/marian-days-2026\/registration\/altar-server\/#primaryimage","url":"https:\/\/melavangoc.com\/wp-content\/uploads\/2026\/03\/BF9A2775.jpg","contentUrl":"https:\/\/melavangoc.com\/wp-content\/uploads\/2026\/03\/BF9A2775.jpg","width":1920,"height":1280},{"@type":"BreadcrumbList","@id":"https:\/\/melavangoc.com\/marian-days-2026\/registration\/altar-server\/#breadcrumb","itemListElement":[{"@type":"ListItem","position":1,"name":"Home","item":"https:\/\/melavangoc.com\/"},{"@type":"ListItem","position":2,"name":"\u0110\u1ea1i H\u1ed9i Th\u00e1nh M\u1eabu 2026","item":"https:\/\/melavangoc.com\/marian-days-2026\/"},{"@type":"ListItem","position":3,"name":"Ghi Danh","item":"https:\/\/melavangoc.com\/marian-days-2026\/registration\/"},{"@type":"ListItem","position":4,"name":"Gi\u00fap L\u1ec5"}]},{"@type":"WebSite","@id":"https:\/\/melavangoc.com\/#website","url":"https:\/\/melavangoc.com\/","name":"Marian Days","description":"","publisher":{"@id":"https:\/\/melavangoc.com\/#organization"},"potentialAction":[{"@type":"SearchAction","target":{"@type":"EntryPoint","urlTemplate":"https:\/\/melavangoc.com\/?s={search_term_string}"},"query-input":{"@type":"PropertyValueSpecification","valueRequired":true,"valueName":"search_term_string"}}],"inLanguage":"en-US"},{"@type":"Organization","@id":"https:\/\/melavangoc.com\/#organization","name":"Roman Catholic Diocese of Orange","url":"https:\/\/melavangoc.com\/","logo":{"@type":"ImageObject","inLanguage":"en-US","@id":"https:\/\/melavangoc.com\/#\/schema\/logo\/image\/","url":"https:\/\/melavangoc.com\/wp-content\/uploads\/2025\/07\/AVA-Marian-Days-2026.png","contentUrl":"https:\/\/melavangoc.com\/wp-content\/uploads\/2025\/07\/AVA-Marian-Days-2026.png","width":598,"height":661,"caption":"Roman Catholic Diocese of Orange"},"image":{"@id":"https:\/\/melavangoc.com\/#\/schema\/logo\/image\/"}}]}},"_links":{"self":[{"href":"https:\/\/melavangoc.com\/en\/wp-json\/wp\/v2\/pages\/30661","targetHints":{"allow":["GET"]}}],"collection":[{"href":"https:\/\/melavangoc.com\/en\/wp-json\/wp\/v2\/pages"}],"about":[{"href":"https:\/\/melavangoc.com\/en\/wp-json\/wp\/v2\/types\/page"}],"author":[{"embeddable":true,"href":"https:\/\/melavangoc.com\/en\/wp-json\/wp\/v2\/users\/14"}],"replies":[{"embeddable":true,"href":"https:\/\/melavangoc.com\/en\/wp-json\/wp\/v2\/comments?post=30661"}],"version-history":[{"count":0,"href":"https:\/\/melavangoc.com\/en\/wp-json\/wp\/v2\/pages\/30661\/revisions"}],"up":[{"embeddable":true,"href":"https:\/\/melavangoc.com\/en\/wp-json\/wp\/v2\/pages\/30602"}],"wp:featuredmedia":[{"embeddable":true,"href":"https:\/\/melavangoc.com\/en\/wp-json\/wp\/v2\/media\/30663"}],"wp:attachment":[{"href":"https:\/\/melavangoc.com\/en\/wp-json\/wp\/v2\/media?parent=30661"}],"curies":[{"name":"wp","href":"https:\/\/api.w.org\/{rel}","templated":true}]}}